{"id":277329,"date":"2025-05-14T08:58:26","date_gmt":"2025-05-14T08:58:26","guid":{"rendered":"https:\/\/testsajt57.hemsidemallar.eu\/?page_id=277329"},"modified":"2026-04-09T11:43:45","modified_gmt":"2026-04-09T09:43:45","slug":"om-oss","status":"publish","type":"page","link":"https:\/\/dev.pls.se\/en\/om-oss\/","title":{"rendered":"About us"},"content":{"rendered":"<p>[et_pb_section fb_built=&#8221;1&#8243; custom_padding_last_edited=&#8221;on|phone&#8221; _builder_version=&#8221;4.27.4&#8243; _module_preset=&#8221;default&#8221; background_color=&#8221;#EDF3F2&#8243; custom_margin=&#8221;||||false|false&#8221; custom_padding=&#8221;112px||98px||false|false&#8221; custom_padding_tablet=&#8221;30px||0px||false|false&#8221; custom_padding_phone=&#8221;20px||0px||false|false&#8221; global_colors_info=&#8221;{}&#8221;][et_pb_row column_structure=&#8221;3_5,2_5&#8243; use_custom_gutter=&#8221;on&#8221; custom_padding_last_edited=&#8221;on|phone&#8221; _builder_version=&#8221;4.27.4&#8243; _module_preset=&#8221;default&#8221; max_width=&#8221;1350px&#8221; custom_padding=&#8221;||||false|false&#8221; custom_padding_tablet=&#8221;||0px||false|false&#8221; custom_padding_phone=&#8221;||0px||false|false&#8221; global_colors_info=&#8221;{}&#8221;][et_pb_column type=&#8221;3_5&#8243; _builder_version=&#8221;4.27.4&#8243; _module_preset=&#8221;default&#8221; global_colors_info=&#8221;{}&#8221;][et_pb_text admin_label=&#8221;Text&#8221; _builder_version=&#8221;4.27.4&#8243; text_font=&#8221;Inter|300|||||||&#8221; text_text_color=&#8221;#000000&#8243; text_font_size=&#8221;28px&#8221; text_line_height=&#8221;1.6em&#8221; ul_font=&#8221;||||||||&#8221; background_layout=&#8221;dark&#8221; module_alignment=&#8221;center&#8221; custom_margin=&#8221;||1px|||&#8221; global_colors_info=&#8221;{}&#8221;]<\/p>\n<h1><span style=\"color: #000000;\">About us<\/span><\/h1>\n<p><span style=\"color: #000000;\">Opportunity, meaning and community under one roof<\/span><\/p>\n<p>[\/et_pb_text][\/et_pb_column][et_pb_column type=&#8221;2_5&#8243; _builder_version=&#8221;4.27.4&#8243; _module_preset=&#8221;default&#8221; global_colors_info=&#8221;{}&#8221;][\/et_pb_column][\/et_pb_row][\/et_pb_section][et_pb_section fb_built=&#8221;1&#8243; custom_padding_last_edited=&#8221;on|tablet&#8221; admin_label=&#8221;Hero&#8221; _builder_version=&#8221;4.27.4&#8243; background_color=&#8221;#EDF3F2&#8243; background_enable_image=&#8221;off&#8221; custom_margin=&#8221;||||false|false&#8221; custom_padding=&#8221;0px||0px||true|false&#8221; custom_padding_tablet=&#8221;0px||0px||false|false&#8221; custom_padding_phone=&#8221;||0px||false|false&#8221; animation_direction=&#8221;left&#8221; border_color_all=&#8221;RGBA(255,255,255,0)&#8221; box_shadow_style=&#8221;preset4&#8243; box_shadow_horizontal=&#8221;500px&#8221; box_shadow_vertical=&#8221;0px&#8221; box_shadow_color=&#8221;#EDF3F2&#8243; global_colors_info=&#8221;{}&#8221;][et_pb_row disabled_on=&#8221;on|off|off&#8221; _builder_version=&#8221;4.27.4&#8243; _module_preset=&#8221;default&#8221; width=&#8221;100%&#8221; max_width=&#8221;100%&#8221; height=&#8221;700px&#8221; custom_padding=&#8221;0px||0px||true|false&#8221; border_radii=&#8221;off||30vw||&#8221; global_colors_info=&#8221;{}&#8221;][et_pb_column type=&#8221;4_4&#8243; _builder_version=&#8221;4.27.4&#8243; _module_preset=&#8221;default&#8221; background_image=&#8221;https:\/\/dev.pls.se\/wp-content\/uploads\/sites\/2\/2026\/04\/ALEX9838-1.jpg&#8221; background_last_edited=&#8221;on|phone&#8221; background_image_phone=&#8221;https:\/\/dev.pls.se\/wp-content\/uploads\/sites\/2\/2025\/07\/Mobil-om-oss-inducore.jpg&#8221; background_enable_image_phone=&#8221;on&#8221; background_size_phone=&#8221;cover&#8221; background_position_phone=&#8221;center&#8221; border_color_all=&#8221;RGBA(255,255,255,0)&#8221; global_colors_info=&#8221;{}&#8221;][et_pb_divider show_divider=&#8221;off&#8221; _builder_version=&#8221;4.27.4&#8243; _module_preset=&#8221;default&#8221; height=&#8221;700px&#8221; border_color_all=&#8221;RGBA(255,255,255,0)&#8221; global_colors_info=&#8221;{}&#8221;][\/et_pb_divider][\/et_pb_column][\/et_pb_row][et_pb_row disabled_on=&#8221;off|on|on&#8221; _builder_version=&#8221;4.27.4&#8243; _module_preset=&#8221;default&#8221; width=&#8221;100%&#8221; max_width=&#8221;100%&#8221; custom_padding=&#8221;0px||0px||true|false&#8221; border_color_all=&#8221;RGBA(255,255,255,0)&#8221; global_colors_info=&#8221;{}&#8221;][et_pb_column type=&#8221;4_4&#8243; _builder_version=&#8221;4.27.4&#8243; _module_preset=&#8221;default&#8221; global_colors_info=&#8221;{}&#8221;][et_pb_image src=&#8221;https:\/\/dev.pls.se\/wp-content\/uploads\/sites\/2\/2026\/04\/ALEX9838-3.jpg&#8221; title_text=&#8221;ALEX9838 (3)&#8221; _builder_version=&#8221;4.27.4&#8243; _module_preset=&#8221;default&#8221; border_radii=&#8221;off||120px||&#8221; global_colors_info=&#8221;{}&#8221;][\/et_pb_image][\/et_pb_column][\/et_pb_row][\/et_pb_section][et_pb_section fb_built=&#8221;1&#8243; custom_padding_last_edited=&#8221;on|phone&#8221; _builder_version=&#8221;4.27.4&#8243; _module_preset=&#8221;default&#8221; custom_padding=&#8221;93px||93px||true|&#8221; custom_padding_tablet=&#8221;50px||50px||true|false&#8221; custom_padding_phone=&#8221;40px||||false|false&#8221; global_colors_info=&#8221;{}&#8221;][et_pb_row column_structure=&#8221;1_2,1_2&#8243; use_custom_gutter=&#8221;on&#8221; gutter_width=&#8221;2&#8243; custom_padding_last_edited=&#8221;on|phone&#8221; _builder_version=&#8221;4.27.4&#8243; _module_preset=&#8221;default&#8221; max_width=&#8221;1400px&#8221; custom_padding=&#8221;||20px||false|false&#8221; custom_padding_tablet=&#8221;||70px||false|false&#8221; custom_padding_phone=&#8221;||60px||false|false&#8221; global_colors_info=&#8221;{}&#8221;][et_pb_column type=&#8221;1_2&#8243; _builder_version=&#8221;4.27.4&#8243; _module_preset=&#8221;default&#8221; global_colors_info=&#8221;{}&#8221;][et_pb_text _builder_version=&#8221;4.27.4&#8243; _module_preset=&#8221;default&#8221; text_font=&#8221;Inter||||||||&#8221; text_text_color=&#8221;#000000&#8243; text_line_height=&#8221;1.4em&#8221; header_2_font_size=&#8221;40px&#8221; module_alignment=&#8221;center&#8221; custom_margin=&#8221;0px||26px||false|false&#8221; global_colors_info=&#8221;{}&#8221; header_2_2_font_size_phone=&#8221;32px&#8221; header_3_2_font_size_phone=&#8221;32px&#8221; header_4_2_font_size_phone=&#8221;32px&#8221; header_5_2_font_size_phone=&#8221;32px&#8221; header_6_2_font_size_phone=&#8221;32px&#8221; header_2_2_font_size_last_edited=&#8221;on|phone&#8221; header_3_2_font_size_last_edited=&#8221;on|phone&#8221; header_4_2_font_size_last_edited=&#8221;on|phone&#8221; header_5_2_font_size_last_edited=&#8221;on|phone&#8221; header_6_2_font_size_last_edited=&#8221;on|phone&#8221;]<\/p>\n<h2 class=\"gb-headline gb-headline-e4a3c7f9 gb-headline-text\">PLS products are manufactured from ear to loaf<\/h2>\n<p><span>You meet us on the roads every day, together with Volvo, Scania, Mercedes, MAN and DAF, among others. It is we who secure and streamline transport through our box and bodywork that you see on trucks and trailers!<\/span><\/p>\n<p><span>Unique to us is that we manufacture and deliver our products from ear to loaf with a combined expertise under one roof. Everything from construction, to welding, to gluing, to electrical installation and final assembly. We do this with pride and our deliveries have high quality, functionality, user-friendliness and durability!<\/span><\/p>\n<p><span>Our name, PLS, is an abbreviation of Pl\u00e5t- och smide, which is the original name the company was given when it was started as a family business in Rydaholm, Sm\u00e5land, in 1957. Since then, we have delivered and developed solid and smart transport solutions. The company has grown stronger and larger over the years, undergone a name change and become part of a larger industrial group. However, the family feeling and personal contact are the same now as then!<\/span><\/p>\n<p>&nbsp;<\/p>\n<p>[\/et_pb_text][et_pb_button button_url=&#8221;@ET-DC@eyJkeW5hbWljIjp0cnVlLCJjb250ZW50IjoicG9zdF9saW5rX3VybF9wYWdlIiwic2V0dGluZ3MiOnsicG9zdF9pZCI6IjI3NzUxNSJ9fQ==@&#8221; button_text=&#8221;Kontakta oss&#8221; _builder_version=&#8221;4.27.4&#8243; _dynamic_attributes=&#8221;button_url&#8221; _module_preset=&#8221;2b66cf09-4328-4c81-86a8-3377111ec631&#8243; custom_margin=&#8221;||62px|0%|false|false&#8221; global_colors_info=&#8221;{}&#8221;][\/et_pb_button][difl_dual_button btn_left_icon_color=&#8221;1&#8243; btn_right_icon_color=&#8221;1&#8243; _builder_version=&#8221;4.27.4&#8243; _module_preset=&#8221;default&#8221; global_colors_info=&#8221;{}&#8221;][\/difl_dual_button][difl_dual_button btn_left_icon_color=&#8221;1&#8243; btn_right_icon_color=&#8221;1&#8243; _builder_version=&#8221;4.27.4&#8243; _module_preset=&#8221;default&#8221; global_colors_info=&#8221;{}&#8221;][\/difl_dual_button][\/et_pb_column][et_pb_column type=&#8221;1_2&#8243; _builder_version=&#8221;4.27.4&#8243; _module_preset=&#8221;default&#8221; global_colors_info=&#8221;{}&#8221;][et_pb_image src=&#8221;https:\/\/dev.pls.se\/wp-content\/uploads\/sites\/2\/2026\/03\/ALEX7238.jpg&#8221; title_text=&#8221;ALEX7238&#8243; align=&#8221;center&#8221; _builder_version=&#8221;4.27.4&#8243; _module_preset=&#8221;default&#8221; max_width=&#8221;550px&#8221; module_alignment=&#8221;center&#8221; global_colors_info=&#8221;{}&#8221;][\/et_pb_image][\/et_pb_column][\/et_pb_row][\/et_pb_section][et_pb_section fb_built=&#8221;1&#8243; custom_padding_last_edited=&#8221;on|phone&#8221; _builder_version=&#8221;4.27.4&#8243; _module_preset=&#8221;default&#8221; background_color=&#8221;#EDF3F2&#8243; custom_padding=&#8221;120px||120px||true|false&#8221; custom_padding_tablet=&#8221;30px||30px||true|false&#8221; custom_padding_phone=&#8221;40px||40px||true|false&#8221; global_colors_info=&#8221;{}&#8221;][et_pb_row column_structure=&#8221;1_2,1_2&#8243; use_custom_gutter=&#8221;on&#8221; custom_padding_last_edited=&#8221;off|desktop&#8221; _builder_version=&#8221;4.27.4&#8243; _module_preset=&#8221;default&#8221; max_width=&#8221;1400px&#8221; custom_padding=&#8221;||0px||false|false&#8221; custom_padding_tablet=&#8221;||||false|false&#8221; custom_padding_phone=&#8221;||||false|false&#8221; global_colors_info=&#8221;{}&#8221;][et_pb_column type=&#8221;1_2&#8243; _builder_version=&#8221;4.27.4&#8243; _module_preset=&#8221;default&#8221; global_colors_info=&#8221;{}&#8221;][et_pb_image src=&#8221;https:\/\/dev.pls.se\/wp-content\/uploads\/sites\/2\/2025\/06\/Inducore-logo-rgb-300&#215;70-1.png&#8221; title_text=&#8221;Inducore-logo-rgb-300&#215;70-1&#8243; _builder_version=&#8221;4.27.4&#8243; _module_preset=&#8221;default&#8221; max_width=&#8221;600px&#8221; module_alignment=&#8221;center&#8221; custom_margin=&#8221;60px||||false|false&#8221; custom_margin_tablet=&#8221;0px||||false|false&#8221; custom_margin_phone=&#8221;0px||||false|false&#8221; custom_margin_last_edited=&#8221;on|phone&#8221; border_radii=&#8221;off||60px||60px&#8221; global_colors_info=&#8221;{}&#8221;][\/et_pb_image][\/et_pb_column][et_pb_column type=&#8221;1_2&#8243; _builder_version=&#8221;4.27.4&#8243; _module_preset=&#8221;default&#8221; global_colors_info=&#8221;{}&#8221;][et_pb_text _builder_version=&#8221;4.27.4&#8243; _module_preset=&#8221;default&#8221; text_font=&#8221;Inter||||||||&#8221; text_text_color=&#8221;#000000&#8243; text_line_height=&#8221;1.4em&#8221; module_alignment=&#8221;center&#8221; custom_margin=&#8221;51px||26px|||&#8221; global_colors_info=&#8221;{}&#8221; header_2_2_font_size_phone=&#8221;32px&#8221; header_3_2_font_size_phone=&#8221;32px&#8221; header_4_2_font_size_phone=&#8221;32px&#8221; header_5_2_font_size_phone=&#8221;32px&#8221; header_6_2_font_size_phone=&#8221;32px&#8221; header_2_2_font_size_last_edited=&#8221;on|phone&#8221; header_3_2_font_size_last_edited=&#8221;on|phone&#8221; header_4_2_font_size_last_edited=&#8221;on|phone&#8221; header_5_2_font_size_last_edited=&#8221;on|phone&#8221; header_6_2_font_size_last_edited=&#8221;on|phone&#8221;]<\/p>\n<h2 class=\"gb-headline gb-headline-bc4fa629 gb-headline-text\">PLS is part of Inducore<\/h2>\n<p>Since 2008, we have been part of the Inducore industrial group, which is privately owned and consists of entrepreneurs with a customer focus.<\/p>\n<p>Inducore was founded in 1997 and today has operations in five countries with three different business areas.<\/p>\n<p>[\/et_pb_text][et_pb_button button_url=&#8221;https:\/\/inducore.se\/&#8221; button_text=&#8221;Bes\u00f6k Inducore&#8221; _builder_version=&#8221;4.27.4&#8243; _module_preset=&#8221;2b66cf09-4328-4c81-86a8-3377111ec631&#8243; custom_margin=&#8221;||62px|0%|false|false&#8221; global_colors_info=&#8221;{}&#8221;][\/et_pb_button][difl_dual_button btn_left_icon_color=&#8221;1&#8243; btn_right_icon_color=&#8221;1&#8243; _builder_version=&#8221;4.27.4&#8243; _module_preset=&#8221;default&#8221; global_colors_info=&#8221;{}&#8221;][\/difl_dual_button][\/et_pb_column][\/et_pb_row][\/et_pb_section]<\/p>","protected":false},"excerpt":{"rendered":"<p>Om oss M\u00f6jlighet, meningsfullhet och gemenskap under samma takPLS produkter \u00e4r tillverkat fr\u00e5n ax till limpa Du m\u00f6ter oss dagligen p\u00e5 v\u00e4garna tillsammans med bland annat Volvo, Scania Mercedes MAN och DAF. Det \u00e4r n\u00e4mligen vi som tryggar och effektiviserar transporterna genom v\u00e5ra sk\u00e5p- och p\u00e5byggnaderna som du ser uppe p\u00e5 lastbilar och sl\u00e4p! Unikt [&hellip;]<\/p>","protected":false},"author":4,"featured_media":0,"parent":0,"menu_order":0,"comment_status":"closed","ping_status":"closed","template":"","meta":{"_et_pb_use_builder":"on","_et_pb_old_content":"","_et_gb_content_width":"","footnotes":""},"difl_page_category":[],"class_list":["post-277329","page","type-page","status-publish","hentry"],"yoast_head":"<!-- This site is optimized with the Yoast SEO plugin v26.3 - https:\/\/yoast.com\/wordpress\/plugins\/seo\/ -->\n<title>Om oss - PLS<\/title>\n<meta name=\"robots\" content=\"noindex, follow, max-snippet:-1, max-image-preview:large, max-video-preview:-1\" \/>\n<meta property=\"og:locale\" content=\"en_GB\" \/>\n<meta property=\"og:type\" content=\"article\" \/>\n<meta property=\"og:title\" content=\"Om oss - PLS\" \/>\n<meta property=\"og:description\" content=\"Om oss M\u00f6jlighet, meningsfullhet och gemenskap under samma takPLS produkter \u00e4r tillverkat fr\u00e5n ax till limpa Du m\u00f6ter oss dagligen p\u00e5 v\u00e4garna tillsammans med bland annat Volvo, Scania Mercedes MAN och DAF. Det \u00e4r n\u00e4mligen vi som tryggar och effektiviserar transporterna genom v\u00e5ra sk\u00e5p- och p\u00e5byggnaderna som du ser uppe p\u00e5 lastbilar och sl\u00e4p! Unikt [&hellip;]\" \/>\n<meta property=\"og:url\" content=\"https:\/\/dev.pls.se\/en\/om-oss\/\" \/>\n<meta property=\"og:site_name\" content=\"PLS\" \/>\n<meta property=\"article:modified_time\" content=\"2026-04-09T09:43:45+00:00\" \/>\n<meta name=\"twitter:card\" content=\"summary_large_image\" \/>\n<meta name=\"twitter:label1\" content=\"Estimated reading time\" \/>\n\t<meta name=\"twitter:data1\" content=\"2 minutes\" \/>\n<script type=\"application\/ld+json\" class=\"yoast-schema-graph\">{\"@context\":\"https:\/\/schema.org\",\"@graph\":[{\"@type\":\"WebPage\",\"@id\":\"https:\/\/dev.pls.se\/om-oss\/\",\"url\":\"https:\/\/dev.pls.se\/om-oss\/\",\"name\":\"Om oss - PLS\",\"isPartOf\":{\"@id\":\"https:\/\/dev.pls.se\/#website\"},\"datePublished\":\"2025-05-14T08:58:26+00:00\",\"dateModified\":\"2026-04-09T09:43:45+00:00\",\"breadcrumb\":{\"@id\":\"https:\/\/dev.pls.se\/om-oss\/#breadcrumb\"},\"inLanguage\":\"en-GB\",\"potentialAction\":[{\"@type\":\"ReadAction\",\"target\":[\"https:\/\/dev.pls.se\/om-oss\/\"]}]},{\"@type\":\"BreadcrumbList\",\"@id\":\"https:\/\/dev.pls.se\/om-oss\/#breadcrumb\",\"itemListElement\":[{\"@type\":\"ListItem\",\"position\":1,\"name\":\"Hem\",\"item\":\"https:\/\/dev.pls.se\/\"},{\"@type\":\"ListItem\",\"position\":2,\"name\":\"Om oss\"}]},{\"@type\":\"WebSite\",\"@id\":\"https:\/\/dev.pls.se\/#website\",\"url\":\"https:\/\/dev.pls.se\/\",\"name\":\"PLS\",\"description\":\"Lastbilsp\u00e5byggnader f\u00f6r effektiva transporter\",\"publisher\":{\"@id\":\"https:\/\/dev.pls.se\/#organization\"},\"potentialAction\":[{\"@type\":\"SearchAction\",\"target\":{\"@type\":\"EntryPoint\",\"urlTemplate\":\"https:\/\/dev.pls.se\/?s={search_term_string}\"},\"query-input\":{\"@type\":\"PropertyValueSpecification\",\"valueRequired\":true,\"valueName\":\"search_term_string\"}}],\"inLanguage\":\"en-GB\"},{\"@type\":\"Organization\",\"@id\":\"https:\/\/dev.pls.se\/#organization\",\"name\":\"PLS\",\"url\":\"https:\/\/dev.pls.se\/\",\"logo\":{\"@type\":\"ImageObject\",\"inLanguage\":\"en-GB\",\"@id\":\"https:\/\/dev.pls.se\/#\/schema\/logo\/image\/\",\"url\":\"https:\/\/dev.pls.se\/wp-content\/uploads\/sites\/2\/2025\/06\/pls.jpg\",\"contentUrl\":\"https:\/\/dev.pls.se\/wp-content\/uploads\/sites\/2\/2025\/06\/pls.jpg\",\"width\":1400,\"height\":778,\"caption\":\"PLS\"},\"image\":{\"@id\":\"https:\/\/dev.pls.se\/#\/schema\/logo\/image\/\"}}]}<\/script>\n<!-- \/ Yoast SEO plugin. -->","yoast_head_json":{"title":"Om oss - PLS","robots":{"index":"noindex","follow":"follow","max-snippet":"max-snippet:-1","max-image-preview":"max-image-preview:large","max-video-preview":"max-video-preview:-1"},"og_locale":"en_GB","og_type":"article","og_title":"Om oss - PLS","og_description":"Om oss M\u00f6jlighet, meningsfullhet och gemenskap under samma takPLS produkter \u00e4r tillverkat fr\u00e5n ax till limpa Du m\u00f6ter oss dagligen p\u00e5 v\u00e4garna tillsammans med bland annat Volvo, Scania Mercedes MAN och DAF. Det \u00e4r n\u00e4mligen vi som tryggar och effektiviserar transporterna genom v\u00e5ra sk\u00e5p- och p\u00e5byggnaderna som du ser uppe p\u00e5 lastbilar och sl\u00e4p! Unikt [&hellip;]","og_url":"https:\/\/dev.pls.se\/en\/om-oss\/","og_site_name":"PLS","article_modified_time":"2026-04-09T09:43:45+00:00","twitter_card":"summary_large_image","twitter_misc":{"Estimated reading time":"2 minutes"},"schema":{"@context":"https:\/\/schema.org","@graph":[{"@type":"WebPage","@id":"https:\/\/dev.pls.se\/om-oss\/","url":"https:\/\/dev.pls.se\/om-oss\/","name":"Om oss - PLS","isPartOf":{"@id":"https:\/\/dev.pls.se\/#website"},"datePublished":"2025-05-14T08:58:26+00:00","dateModified":"2026-04-09T09:43:45+00:00","breadcrumb":{"@id":"https:\/\/dev.pls.se\/om-oss\/#breadcrumb"},"inLanguage":"en-GB","potentialAction":[{"@type":"ReadAction","target":["https:\/\/dev.pls.se\/om-oss\/"]}]},{"@type":"BreadcrumbList","@id":"https:\/\/dev.pls.se\/om-oss\/#breadcrumb","itemListElement":[{"@type":"ListItem","position":1,"name":"Hem","item":"https:\/\/dev.pls.se\/"},{"@type":"ListItem","position":2,"name":"Om oss"}]},{"@type":"WebSite","@id":"https:\/\/dev.pls.se\/#website","url":"https:\/\/dev.pls.se\/","name":"PLS","description":"Truck bodies for efficient transport","publisher":{"@id":"https:\/\/dev.pls.se\/#organization"},"potentialAction":[{"@type":"SearchAction","target":{"@type":"EntryPoint","urlTemplate":"https:\/\/dev.pls.se\/?s={search_term_string}"},"query-input":{"@type":"PropertyValueSpecification","valueRequired":true,"valueName":"search_term_string"}}],"inLanguage":"en-GB"},{"@type":"Organization","@id":"https:\/\/dev.pls.se\/#organization","name":"PLS","url":"https:\/\/dev.pls.se\/","logo":{"@type":"ImageObject","inLanguage":"en-GB","@id":"https:\/\/dev.pls.se\/#\/schema\/logo\/image\/","url":"https:\/\/dev.pls.se\/wp-content\/uploads\/sites\/2\/2025\/06\/pls.jpg","contentUrl":"https:\/\/dev.pls.se\/wp-content\/uploads\/sites\/2\/2025\/06\/pls.jpg","width":1400,"height":778,"caption":"PLS"},"image":{"@id":"https:\/\/dev.pls.se\/#\/schema\/logo\/image\/"}}]}},"_links":{"self":[{"href":"https:\/\/dev.pls.se\/en\/wp-json\/wp\/v2\/pages\/277329","targetHints":{"allow":["GET"]}}],"collection":[{"href":"https:\/\/dev.pls.se\/en\/wp-json\/wp\/v2\/pages"}],"about":[{"href":"https:\/\/dev.pls.se\/en\/wp-json\/wp\/v2\/types\/page"}],"author":[{"embeddable":true,"href":"https:\/\/dev.pls.se\/en\/wp-json\/wp\/v2\/users\/4"}],"replies":[{"embeddable":true,"href":"https:\/\/dev.pls.se\/en\/wp-json\/wp\/v2\/comments?post=277329"}],"version-history":[{"count":0,"href":"https:\/\/dev.pls.se\/en\/wp-json\/wp\/v2\/pages\/277329\/revisions"}],"wp:attachment":[{"href":"https:\/\/dev.pls.se\/en\/wp-json\/wp\/v2\/media?parent=277329"}],"wp:term":[{"taxonomy":"difl_page_category","embeddable":true,"href":"https:\/\/dev.pls.se\/en\/wp-json\/wp\/v2\/difl_page_category?post=277329"}],"curies":[{"name":"wp","href":"https:\/\/api.w.org\/{rel}","templated":true}]}}