{"id":281827,"date":"2025-06-24T15:59:46","date_gmt":"2025-06-24T13:59:46","guid":{"rendered":"https:\/\/dev.pls.inducore.se\/?page_id=281827"},"modified":"2026-02-02T12:32:04","modified_gmt":"2026-02-02T11:32:04","slug":"gdpr","status":"publish","type":"page","link":"https:\/\/dev.pls.se\/en\/gdpr\/","title":{"rendered":"GDPR"},"content":{"rendered":"<p>[et_pb_section fb_built=&#8221;1&#8243; custom_padding_last_edited=&#8221;on|phone&#8221; _builder_version=&#8221;4.27.4&#8243; _module_preset=&#8221;default&#8221; background_color=&#8221;#EDF3F2&#8243; custom_padding=&#8221;111px||70px|||&#8221; custom_padding_tablet=&#8221;60px||60px||false|false&#8221; custom_padding_phone=&#8221;20px||20px||false|false&#8221; global_colors_info=&#8221;{}&#8221;][et_pb_row _builder_version=&#8221;4.27.4&#8243; _module_preset=&#8221;default&#8221; max_width=&#8221;1350px&#8221; min_height_tablet=&#8221;&#8221; min_height_phone=&#8221;&#8221; min_height_last_edited=&#8221;on|phone&#8221; height_tablet=&#8221;&#8221; height_phone=&#8221;auto&#8221; height_last_edited=&#8221;on|phone&#8221; custom_padding=&#8221;||12px|||&#8221; global_colors_info=&#8221;{}&#8221;][et_pb_column type=&#8221;4_4&#8243; _builder_version=&#8221;4.27.4&#8243; _module_preset=&#8221;default&#8221; global_colors_info=&#8221;{}&#8221;][et_pb_text admin_label=&#8221;Text&#8221; _builder_version=&#8221;4.27.4&#8243; text_font=&#8221;Inter|300|||||||&#8221; text_font_size=&#8221;19px&#8221; text_line_height=&#8221;1.6em&#8221; ul_font=&#8221;||||||||&#8221; header_text_align=&#8221;left&#8221; header_text_color=&#8221;#000000&#8243; header_line_height=&#8221;1.1em&#8221; background_layout=&#8221;dark&#8221; module_alignment=&#8221;center&#8221; custom_margin=&#8221;||16px|||&#8221; text_line_height_tablet=&#8221;2em&#8221; text_line_height_phone=&#8221;2em&#8221; text_line_height_last_edited=&#8221;off|desktop&#8221; header_font_size_tablet=&#8221;&#8221; header_font_size_phone=&#8221;&#8221; header_font_size_last_edited=&#8221;on|tablet&#8221; header_line_height_tablet=&#8221;1.2em&#8221; header_line_height_phone=&#8221;1em&#8221; header_line_height_last_edited=&#8221;on|phone&#8221; header_text_shadow_style=&#8221;preset3&#8243; header_text_shadow_color=&#8221;rgba(0,0,0,0.06)&#8221; global_colors_info=&#8221;{}&#8221;]<\/p>\n<h1>Privacy Policy<\/h1>\n<p>[\/et_pb_text][\/et_pb_column][\/et_pb_row][\/et_pb_section][et_pb_section fb_built=&#8221;1&#8243; _builder_version=&#8221;4.27.4&#8243; _module_preset=&#8221;default&#8221; background_color=&#8221;#EDF3F2&#8243; custom_padding=&#8221;0px||0px||false|false&#8221; global_colors_info=&#8221;{}&#8221;][et_pb_row _builder_version=&#8221;4.27.4&#8243; _module_preset=&#8221;default&#8221; background_color=&#8221;#FFFFFF&#8221; width=&#8221;100%&#8221; max_width=&#8221;100%&#8221; min_height=&#8221;80px&#8221; custom_padding=&#8221;80px|12px|0px||false|false&#8221; hover_enabled=&#8221;0&#8243; border_radii=&#8221;off||20vw||&#8221; global_colors_info=&#8221;{}&#8221; sticky_enabled=&#8221;0&#8243;][et_pb_column type=&#8221;4_4&#8243; _builder_version=&#8221;4.27.4&#8243; _module_preset=&#8221;default&#8221; background_color=&#8221;#FFFFFF&#8221; hover_enabled=&#8221;0&#8243; border_radii=&#8221;off||20vw||&#8221; global_colors_info=&#8221;{}&#8221; sticky_enabled=&#8221;0&#8243;][\/et_pb_column][\/et_pb_row][\/et_pb_section][et_pb_section fb_built=&#8221;1&#8243; _builder_version=&#8221;4.27.4&#8243; _module_preset=&#8221;default&#8221; background_color=&#8221;#FFFFFF&#8221; custom_padding=&#8221;16px||||false|false&#8221; global_colors_info=&#8221;{}&#8221;][et_pb_row column_structure=&#8221;3_4,1_4&#8243; custom_padding_last_edited=&#8221;on|phone&#8221; _builder_version=&#8221;4.27.4&#8243; max_width=&#8221;1350px&#8221; custom_padding=&#8221;0|0px|87px|0px||&#8221; custom_padding_tablet=&#8221;0|0px|0px|0px|false|false&#8221; custom_padding_phone=&#8221;||10px||false|false&#8221; global_colors_info=&#8221;{}&#8221;][et_pb_column type=&#8221;3_4&#8243; _builder_version=&#8221;4.16&#8243; custom_padding=&#8221;|||&#8221; global_colors_info=&#8221;{}&#8221; custom_padding__hover=&#8221;|||&#8221;][et_pb_text admin_label=&#8221;Text&#8221; _builder_version=&#8221;4.27.4&#8243; text_font=&#8221;Inter||||||||&#8221; text_text_color=&#8221;#000000&#8243; text_line_height=&#8221;1.6em&#8221; ul_font=&#8221;||||||||&#8221; header_text_align=&#8221;left&#8221; header_text_color=&#8221;#000000&#8243; header_font_size=&#8221;3vw&#8221; header_line_height=&#8221;1.2em&#8221; header_2_text_color=&#8221;#000000&#8243; header_3_text_color=&#8221;#000000&#8243; background_layout=&#8221;dark&#8221; module_alignment=&#8221;center&#8221; text_line_height_tablet=&#8221;2em&#8221; text_line_height_phone=&#8221;2em&#8221; text_line_height_last_edited=&#8221;off|desktop&#8221; header_font_size_tablet=&#8221;40px&#8221; header_font_size_phone=&#8221;&#8221; header_font_size_last_edited=&#8221;on|tablet&#8221; header_line_height_tablet=&#8221;1.2em&#8221; header_line_height_phone=&#8221;1.1em&#8221; header_line_height_last_edited=&#8221;on|phone&#8221; header_text_shadow_style=&#8221;preset3&#8243; header_text_shadow_color=&#8221;rgba(0,0,0,0.06)&#8221; global_colors_info=&#8221;{}&#8221; hover_enabled=&#8221;0&#8243; sticky_enabled=&#8221;0&#8243;]<\/p>\n<h2>GDPR &amp; Personal Data Management<\/h2>\n<p>At Inducore, we protect your personal privacy and strive for a high level of data protection.<\/p>\n<p>Our website does not collect personal information directly from you as a visitor. However, we use cookies and statistical tools to analyze traffic and improve the user experience. You can read more about this and manage your settings via our cookie popup.<\/p>\n<p>If you contact us via email or other communication channels, we process your personal data in accordance with applicable data protection legislation (GDPR). We only collect the information that is necessary to handle your case and do not store it for longer than is necessary.<\/p>\n<h3><strong>Sharing of data<\/strong><\/h3>\n<p>We do not share your personal data with third parties unless there is a legal basis for this, such as a contract, consent or legal requirement.<\/p>\n<h3><strong>Your rights<\/strong><\/h3>\n<p>You have the right to:<\/p>\n<ul>\n<li>Request information about what personal data we process about you.<\/li>\n<li>Get incorrect information corrected.<\/li>\n<li>Request deletion of your data, to the extent that it is consistent with applicable law.<\/li>\n<\/ul>\n<p>&nbsp;<\/p>\n<p>To exercise your rights or if you have questions about our processing of personal data, please contact us via the contact details provided on our website.<\/p>\n<p>[\/et_pb_text][\/et_pb_column][et_pb_column type=&#8221;1_4&#8243; _builder_version=&#8221;4.16&#8243; custom_padding=&#8221;|||&#8221; global_colors_info=&#8221;{}&#8221; custom_padding__hover=&#8221;|||&#8221;][\/et_pb_column][\/et_pb_row][\/et_pb_section]<\/p>","protected":false},"excerpt":{"rendered":"<p>IntegritetspolicyGDPR &amp; Personuppgiftshantering P\u00e5 Inducore v\u00e4rnar vi om din personliga integritet och efterstr\u00e4var en h\u00f6g niv\u00e5 av dataskydd. V\u00e5r webbplats samlar inte in personuppgifter direkt fr\u00e5n dig som bes\u00f6kare. D\u00e4remot anv\u00e4nder vi cookies och statistikverktyg f\u00f6r att analysera trafik och f\u00f6rb\u00e4ttra anv\u00e4ndarupplevelsen. Du kan l\u00e4sa mer om detta och hantera dina inst\u00e4llningar via v\u00e5r cookie-popup. [&hellip;]<\/p>","protected":false},"author":4,"featured_media":0,"parent":0,"menu_order":0,"comment_status":"closed","ping_status":"closed","template":"","meta":{"_et_pb_use_builder":"on","_et_pb_old_content":"","_et_gb_content_width":"","footnotes":""},"difl_page_category":[],"class_list":["post-281827","page","type-page","status-publish","hentry"],"yoast_head":"<!-- This site is optimized with the Yoast SEO plugin v26.3 - https:\/\/yoast.com\/wordpress\/plugins\/seo\/ -->\n<title>GDPR - PLS<\/title>\n<meta name=\"robots\" content=\"noindex, follow, max-snippet:-1, max-image-preview:large, max-video-preview:-1\" \/>\n<meta property=\"og:locale\" content=\"en_GB\" \/>\n<meta property=\"og:type\" content=\"article\" \/>\n<meta property=\"og:title\" content=\"GDPR - PLS\" \/>\n<meta property=\"og:description\" content=\"IntegritetspolicyGDPR &amp; Personuppgiftshantering P\u00e5 Inducore v\u00e4rnar vi om din personliga integritet och efterstr\u00e4var en h\u00f6g niv\u00e5 av dataskydd. V\u00e5r webbplats samlar inte in personuppgifter direkt fr\u00e5n dig som bes\u00f6kare. D\u00e4remot anv\u00e4nder vi cookies och statistikverktyg f\u00f6r att analysera trafik och f\u00f6rb\u00e4ttra anv\u00e4ndarupplevelsen. Du kan l\u00e4sa mer om detta och hantera dina inst\u00e4llningar via v\u00e5r cookie-popup. [&hellip;]\" \/>\n<meta property=\"og:url\" content=\"https:\/\/dev.pls.se\/en\/gdpr\/\" \/>\n<meta property=\"og:site_name\" content=\"PLS\" \/>\n<meta property=\"article:modified_time\" content=\"2026-02-02T11:32:04+00:00\" \/>\n<meta name=\"twitter:card\" content=\"summary_large_image\" \/>\n<meta name=\"twitter:label1\" content=\"Estimated reading time\" \/>\n\t<meta name=\"twitter:data1\" content=\"1 minute\" \/>\n<script type=\"application\/ld+json\" class=\"yoast-schema-graph\">{\"@context\":\"https:\/\/schema.org\",\"@graph\":[{\"@type\":\"WebPage\",\"@id\":\"https:\/\/dev.pls.se\/gdpr\/\",\"url\":\"https:\/\/dev.pls.se\/gdpr\/\",\"name\":\"GDPR - PLS\",\"isPartOf\":{\"@id\":\"https:\/\/dev.pls.se\/#website\"},\"datePublished\":\"2025-06-24T13:59:46+00:00\",\"dateModified\":\"2026-02-02T11:32:04+00:00\",\"breadcrumb\":{\"@id\":\"https:\/\/dev.pls.se\/gdpr\/#breadcrumb\"},\"inLanguage\":\"en-GB\",\"potentialAction\":[{\"@type\":\"ReadAction\",\"target\":[\"https:\/\/dev.pls.se\/gdpr\/\"]}]},{\"@type\":\"BreadcrumbList\",\"@id\":\"https:\/\/dev.pls.se\/gdpr\/#breadcrumb\",\"itemListElement\":[{\"@type\":\"ListItem\",\"position\":1,\"name\":\"Hem\",\"item\":\"https:\/\/dev.pls.se\/\"},{\"@type\":\"ListItem\",\"position\":2,\"name\":\"GDPR\"}]},{\"@type\":\"WebSite\",\"@id\":\"https:\/\/dev.pls.se\/#website\",\"url\":\"https:\/\/dev.pls.se\/\",\"name\":\"PLS\",\"description\":\"Lastbilsp\u00e5byggnader f\u00f6r effektiva transporter\",\"publisher\":{\"@id\":\"https:\/\/dev.pls.se\/#organization\"},\"potentialAction\":[{\"@type\":\"SearchAction\",\"target\":{\"@type\":\"EntryPoint\",\"urlTemplate\":\"https:\/\/dev.pls.se\/?s={search_term_string}\"},\"query-input\":{\"@type\":\"PropertyValueSpecification\",\"valueRequired\":true,\"valueName\":\"search_term_string\"}}],\"inLanguage\":\"en-GB\"},{\"@type\":\"Organization\",\"@id\":\"https:\/\/dev.pls.se\/#organization\",\"name\":\"PLS\",\"url\":\"https:\/\/dev.pls.se\/\",\"logo\":{\"@type\":\"ImageObject\",\"inLanguage\":\"en-GB\",\"@id\":\"https:\/\/dev.pls.se\/#\/schema\/logo\/image\/\",\"url\":\"https:\/\/dev.pls.se\/wp-content\/uploads\/sites\/2\/2025\/06\/pls.jpg\",\"contentUrl\":\"https:\/\/dev.pls.se\/wp-content\/uploads\/sites\/2\/2025\/06\/pls.jpg\",\"width\":1400,\"height\":778,\"caption\":\"PLS\"},\"image\":{\"@id\":\"https:\/\/dev.pls.se\/#\/schema\/logo\/image\/\"}}]}<\/script>\n<!-- \/ Yoast SEO plugin. -->","yoast_head_json":{"title":"GDPR - PLS","robots":{"index":"noindex","follow":"follow","max-snippet":"max-snippet:-1","max-image-preview":"max-image-preview:large","max-video-preview":"max-video-preview:-1"},"og_locale":"en_GB","og_type":"article","og_title":"GDPR - PLS","og_description":"IntegritetspolicyGDPR &amp; Personuppgiftshantering P\u00e5 Inducore v\u00e4rnar vi om din personliga integritet och efterstr\u00e4var en h\u00f6g niv\u00e5 av dataskydd. V\u00e5r webbplats samlar inte in personuppgifter direkt fr\u00e5n dig som bes\u00f6kare. D\u00e4remot anv\u00e4nder vi cookies och statistikverktyg f\u00f6r att analysera trafik och f\u00f6rb\u00e4ttra anv\u00e4ndarupplevelsen. Du kan l\u00e4sa mer om detta och hantera dina inst\u00e4llningar via v\u00e5r cookie-popup. [&hellip;]","og_url":"https:\/\/dev.pls.se\/en\/gdpr\/","og_site_name":"PLS","article_modified_time":"2026-02-02T11:32:04+00:00","twitter_card":"summary_large_image","twitter_misc":{"Estimated reading time":"1 minute"},"schema":{"@context":"https:\/\/schema.org","@graph":[{"@type":"WebPage","@id":"https:\/\/dev.pls.se\/gdpr\/","url":"https:\/\/dev.pls.se\/gdpr\/","name":"GDPR - PLS","isPartOf":{"@id":"https:\/\/dev.pls.se\/#website"},"datePublished":"2025-06-24T13:59:46+00:00","dateModified":"2026-02-02T11:32:04+00:00","breadcrumb":{"@id":"https:\/\/dev.pls.se\/gdpr\/#breadcrumb"},"inLanguage":"en-GB","potentialAction":[{"@type":"ReadAction","target":["https:\/\/dev.pls.se\/gdpr\/"]}]},{"@type":"BreadcrumbList","@id":"https:\/\/dev.pls.se\/gdpr\/#breadcrumb","itemListElement":[{"@type":"ListItem","position":1,"name":"Hem","item":"https:\/\/dev.pls.se\/"},{"@type":"ListItem","position":2,"name":"GDPR"}]},{"@type":"WebSite","@id":"https:\/\/dev.pls.se\/#website","url":"https:\/\/dev.pls.se\/","name":"PLS","description":"Truck bodies for efficient transport","publisher":{"@id":"https:\/\/dev.pls.se\/#organization"},"potentialAction":[{"@type":"SearchAction","target":{"@type":"EntryPoint","urlTemplate":"https:\/\/dev.pls.se\/?s={search_term_string}"},"query-input":{"@type":"PropertyValueSpecification","valueRequired":true,"valueName":"search_term_string"}}],"inLanguage":"en-GB"},{"@type":"Organization","@id":"https:\/\/dev.pls.se\/#organization","name":"PLS","url":"https:\/\/dev.pls.se\/","logo":{"@type":"ImageObject","inLanguage":"en-GB","@id":"https:\/\/dev.pls.se\/#\/schema\/logo\/image\/","url":"https:\/\/dev.pls.se\/wp-content\/uploads\/sites\/2\/2025\/06\/pls.jpg","contentUrl":"https:\/\/dev.pls.se\/wp-content\/uploads\/sites\/2\/2025\/06\/pls.jpg","width":1400,"height":778,"caption":"PLS"},"image":{"@id":"https:\/\/dev.pls.se\/#\/schema\/logo\/image\/"}}]}},"_links":{"self":[{"href":"https:\/\/dev.pls.se\/en\/wp-json\/wp\/v2\/pages\/281827","targetHints":{"allow":["GET"]}}],"collection":[{"href":"https:\/\/dev.pls.se\/en\/wp-json\/wp\/v2\/pages"}],"about":[{"href":"https:\/\/dev.pls.se\/en\/wp-json\/wp\/v2\/types\/page"}],"author":[{"embeddable":true,"href":"https:\/\/dev.pls.se\/en\/wp-json\/wp\/v2\/users\/4"}],"replies":[{"embeddable":true,"href":"https:\/\/dev.pls.se\/en\/wp-json\/wp\/v2\/comments?post=281827"}],"version-history":[{"count":0,"href":"https:\/\/dev.pls.se\/en\/wp-json\/wp\/v2\/pages\/281827\/revisions"}],"wp:attachment":[{"href":"https:\/\/dev.pls.se\/en\/wp-json\/wp\/v2\/media?parent=281827"}],"wp:term":[{"taxonomy":"difl_page_category","embeddable":true,"href":"https:\/\/dev.pls.se\/en\/wp-json\/wp\/v2\/difl_page_category?post=281827"}],"curies":[{"name":"wp","href":"https:\/\/api.w.org\/{rel}","templated":true}]}}