{"id":282597,"date":"2026-01-07T13:51:18","date_gmt":"2026-01-07T12:51:18","guid":{"rendered":"https:\/\/dev.pls.se\/?page_id=282597"},"modified":"2026-04-10T08:51:12","modified_gmt":"2026-04-10T06:51:12","slug":"kvalitet-och-miljo","status":"publish","type":"page","link":"https:\/\/dev.pls.se\/en\/kvalitet-och-miljo\/","title":{"rendered":"Quality and environment"},"content":{"rendered":"<p>[et_pb_section fb_built=&#8221;1&#8243; custom_padding_last_edited=&#8221;on|phone&#8221; _builder_version=&#8221;4.27.4&#8243; _module_preset=&#8221;default&#8221; background_color=&#8221;#EDF3F2&#8243; custom_padding=&#8221;115px||29px||false|false&#8221; custom_padding_tablet=&#8221;60px||60px||false|false&#8221; custom_padding_phone=&#8221;20px||0px||false|false&#8221; global_colors_info=&#8221;{}&#8221;][et_pb_row _builder_version=&#8221;4.27.4&#8243; _module_preset=&#8221;default&#8221; max_width=&#8221;1350px&#8221; custom_padding=&#8221;27px||0px|||&#8221; hover_enabled=&#8221;0&#8243; global_colors_info=&#8221;{}&#8221; sticky_enabled=&#8221;0&#8243;][et_pb_column type=&#8221;4_4&#8243; _builder_version=&#8221;4.27.4&#8243; _module_preset=&#8221;default&#8221; global_colors_info=&#8221;{}&#8221;][et_pb_text content_last_edited=&#8221;off|desktop&#8221; admin_label=&#8221;Text&#8221; _builder_version=&#8221;4.27.4&#8243; text_font=&#8221;Inter|300|||||||&#8221; text_text_color=&#8221;#000000&#8243; text_font_size=&#8221;19px&#8221; text_line_height=&#8221;1.6em&#8221; ul_font=&#8221;||||||||&#8221; header_text_align=&#8221;left&#8221; header_text_color=&#8221;#000000&#8243; header_line_height=&#8221;1.1em&#8221; background_layout=&#8221;dark&#8221; module_alignment=&#8221;center&#8221; custom_margin=&#8221;||-1px|||&#8221; custom_padding=&#8221;||||false|false&#8221; header_line_height_tablet=&#8221;1.2em&#8221; header_line_height_phone=&#8221;1em&#8221; header_line_height_last_edited=&#8221;on|phone&#8221; header_text_shadow_style=&#8221;preset3&#8243; header_text_shadow_color=&#8221;rgba(0,0,0,0.06)&#8221; global_colors_info=&#8221;{}&#8221;]<\/p>\n<h1>We work for the future and future generations.<\/h1>\n<p>[\/et_pb_text][\/et_pb_column][\/et_pb_row][et_pb_row _builder_version=&#8221;4.27.4&#8243; _module_preset=&#8221;default&#8221; max_width=&#8221;1350px&#8221; min_height_tablet=&#8221;&#8221; min_height_phone=&#8221;&#8221; min_height_last_edited=&#8221;on|phone&#8221; height_tablet=&#8221;&#8221; height_phone=&#8221;auto&#8221; height_last_edited=&#8221;on|phone&#8221; custom_margin=&#8221;5px|auto||auto||&#8221; custom_padding=&#8221;11px|||||&#8221; global_colors_info=&#8221;{}&#8221;][et_pb_column type=&#8221;4_4&#8243; _builder_version=&#8221;4.27.4&#8243; _module_preset=&#8221;default&#8221; global_colors_info=&#8221;{}&#8221;][et_pb_text admin_label=&#8221;Text&#8221; _builder_version=&#8221;4.27.4&#8243; text_font=&#8221;Inter|300|||||||&#8221; text_text_color=&#8221;#000000&#8243; text_font_size=&#8221;18px&#8221; text_line_height=&#8221;1.6em&#8221; ul_font=&#8221;||||||||&#8221; header_font=&#8221;Inter|600|||||||&#8221; header_text_align=&#8221;left&#8221; header_text_color=&#8221;#84b0ad&#8221; header_font_size=&#8221;60px&#8221; background_layout=&#8221;dark&#8221; module_alignment=&#8221;center&#8221; text_line_height_tablet=&#8221;2em&#8221; text_line_height_phone=&#8221;2em&#8221; text_line_height_last_edited=&#8221;off|desktop&#8221; header_font_size_tablet=&#8221;40px&#8221; header_font_size_phone=&#8221;50px&#8221; header_font_size_last_edited=&#8221;on|tablet&#8221; header_line_height_tablet=&#8221;1.2em&#8221; header_line_height_phone=&#8221;1em&#8221; header_line_height_last_edited=&#8221;on|phone&#8221; header_text_shadow_style=&#8221;preset3&#8243; header_text_shadow_color=&#8221;rgba(0,0,0,0.06)&#8221; global_colors_info=&#8221;{}&#8221;]<\/p>\n<p><span>Our goal is to run a conscious business that is healthy and sustainable while also learning and constantly improving. We do this by working on different levels and including environmental, social and economic aspects when choosing a path. We work actively to reduce our material waste, increase our knowledge in order to be able to make smart choices that promote high quality and that take into account both the work environment and our employees.<\/span><\/p>\n<p>[\/et_pb_text][\/et_pb_column][\/et_pb_row][\/et_pb_section][et_pb_section fb_built=&#8221;1&#8243; custom_padding_last_edited=&#8221;on|phone&#8221; _builder_version=&#8221;4.27.4&#8243; _module_preset=&#8221;default&#8221; custom_padding=&#8221;93px||0px||false|false&#8221; custom_padding_tablet=&#8221;40px||0px||false|false&#8221; custom_padding_phone=&#8221;0px||||false|false&#8221; global_colors_info=&#8221;{}&#8221;][et_pb_row use_custom_gutter=&#8221;on&#8221; custom_padding_last_edited=&#8221;on|phone&#8221; _builder_version=&#8221;4.27.4&#8243; _module_preset=&#8221;default&#8221; max_width=&#8221;1400px&#8221; custom_padding=&#8221;||35px|||&#8221; custom_padding_tablet=&#8221;||60px||false|false&#8221; custom_padding_phone=&#8221;||35px||false|false&#8221; global_colors_info=&#8221;{}&#8221;][et_pb_column type=&#8221;4_4&#8243; _builder_version=&#8221;4.27.4&#8243; _module_preset=&#8221;default&#8221; global_colors_info=&#8221;{}&#8221;][et_pb_text _builder_version=&#8221;4.27.4&#8243; _module_preset=&#8221;default&#8221; text_font=&#8221;Inter||||||||&#8221; text_text_color=&#8221;#000000&#8243; text_line_height=&#8221;1.4em&#8221; header_text_color=&#8221;#000000&#8243; header_2_text_align=&#8221;center&#8221; header_2_text_color=&#8221;#000000&#8243; header_3_font=&#8221;|||on|||||&#8221; header_3_text_color=&#8221;#898D8D&#8221; module_alignment=&#8221;center&#8221; custom_margin=&#8221;1px||30px|||&#8221; hover_enabled=&#8221;0&#8243; global_colors_info=&#8221;{}&#8221; header_2_2_font_size_phone=&#8221;32px&#8221; header_3_2_font_size_phone=&#8221;32px&#8221; header_4_2_font_size_phone=&#8221;32px&#8221; header_5_2_font_size_phone=&#8221;32px&#8221; header_6_2_font_size_phone=&#8221;32px&#8221; header_2_2_font_size_last_edited=&#8221;on|phone&#8221; header_3_2_font_size_last_edited=&#8221;on|phone&#8221; header_4_2_font_size_last_edited=&#8221;on|phone&#8221; header_5_2_font_size_last_edited=&#8221;on|phone&#8221; header_6_2_font_size_last_edited=&#8221;on|phone&#8221; sticky_enabled=&#8221;0&#8243;]<\/p>\n<p style=\"font-size: 22px; color: #898d8d; text-transform: uppercase;\">Quality and environment<\/p>\n<h2 style=\"text-align: left;\">Continuous improvements<\/h2>\n<p><span>Maintaining a high level of quality and being professionally business-oriented is of utmost importance to us. A prerequisite for this is that we constantly improve our processes within the organization and a close and developing relationship with our suppliers. This work creates the foundation for long-term trust and ultimately satisfied and returning customers.<\/span>[\/et_pb_text][\/et_pb_column][\/et_pb_row][et_pb_row use_custom_gutter=&#8221;on&#8221; custom_padding_last_edited=&#8221;on|phone&#8221; _builder_version=&#8221;4.27.4&#8243; _module_preset=&#8221;default&#8221; max_width=&#8221;1400px&#8221; custom_padding=&#8221;30px||30px|||&#8221; custom_padding_tablet=&#8221;||60px||false|false&#8221; custom_padding_phone=&#8221;||35px||false|false&#8221; global_colors_info=&#8221;{}&#8221;][et_pb_column type=&#8221;4_4&#8243; _builder_version=&#8221;4.27.4&#8243; _module_preset=&#8221;default&#8221; global_colors_info=&#8221;{}&#8221;][et_pb_text _builder_version=&#8221;4.27.4&#8243; _module_preset=&#8221;default&#8221; text_font=&#8221;Inter||||||||&#8221; text_text_color=&#8221;#000000&#8243; text_line_height=&#8221;1.4em&#8221; header_text_color=&#8221;#000000&#8243; header_2_text_align=&#8221;center&#8221; header_2_text_color=&#8221;#000000&#8243; header_3_font=&#8221;|||on|||||&#8221; module_alignment=&#8221;center&#8221; custom_margin=&#8221;1px||26px|||&#8221; global_colors_info=&#8221;{}&#8221; header_2_2_font_size_phone=&#8221;32px&#8221; header_3_2_font_size_phone=&#8221;32px&#8221; header_4_2_font_size_phone=&#8221;32px&#8221; header_5_2_font_size_phone=&#8221;32px&#8221; header_6_2_font_size_phone=&#8221;32px&#8221; header_2_2_font_size_last_edited=&#8221;on|phone&#8221; header_3_2_font_size_last_edited=&#8221;on|phone&#8221; header_4_2_font_size_last_edited=&#8221;on|phone&#8221; header_5_2_font_size_last_edited=&#8221;on|phone&#8221; header_6_2_font_size_last_edited=&#8221;on|phone&#8221;]<\/p>\n<h2 style=\"text-align: left;\">Environmental considerations apply to both our production and construction<\/h2>\n<p>Our waste is sorted in such a way that it protects the environment as much as possible and is in accordance with the waste regulation and meets all requirements. All residual metals in the production process are recycled to minimize environmental impact.<\/p>\n<p>We constantly monitor what is happening in our world, regardless of whether it concerns customer-driven needs or wishes. Here we look at the global trends and future prospects that prevail. Our intention is to be a leader in our product range by being at the forefront of technological development. Here, for example, the development of vehicle weight and aerodynamic optimization for low environmental impact is an important parameter.<\/p>\n<p>[\/et_pb_text][\/et_pb_column][\/et_pb_row][et_pb_row use_custom_gutter=&#8221;on&#8221; custom_padding_last_edited=&#8221;on|phone&#8221; _builder_version=&#8221;4.27.4&#8243; _module_preset=&#8221;default&#8221; max_width=&#8221;1400px&#8221; custom_padding=&#8221;30px||30px||false|false&#8221; custom_padding_tablet=&#8221;||94px|||&#8221; custom_padding_phone=&#8221;||35px||false|false&#8221; global_colors_info=&#8221;{}&#8221;][et_pb_column type=&#8221;4_4&#8243; _builder_version=&#8221;4.27.4&#8243; _module_preset=&#8221;default&#8221; global_colors_info=&#8221;{}&#8221;][et_pb_text _builder_version=&#8221;4.27.4&#8243; _module_preset=&#8221;default&#8221; text_font=&#8221;Inter||||||||&#8221; text_text_color=&#8221;#000000&#8243; text_line_height=&#8221;1.4em&#8221; header_text_color=&#8221;#000000&#8243; header_2_text_align=&#8221;center&#8221; header_2_text_color=&#8221;#000000&#8243; header_3_font=&#8221;|||on|||||&#8221; module_alignment=&#8221;center&#8221; custom_margin=&#8221;1px||26px|||&#8221; locked=&#8221;off&#8221; global_colors_info=&#8221;{}&#8221; header_2_2_font_size_phone=&#8221;32px&#8221; header_3_2_font_size_phone=&#8221;32px&#8221; header_4_2_font_size_phone=&#8221;32px&#8221; header_5_2_font_size_phone=&#8221;32px&#8221; header_6_2_font_size_phone=&#8221;32px&#8221; header_2_2_font_size_last_edited=&#8221;on|phone&#8221; header_3_2_font_size_last_edited=&#8221;on|phone&#8221; header_4_2_font_size_last_edited=&#8221;on|phone&#8221; header_5_2_font_size_last_edited=&#8221;on|phone&#8221; header_6_2_font_size_last_edited=&#8221;on|phone&#8221;]<\/p>\n<h2 style=\"text-align: left;\">A prosperous company<\/h2>\n<p><span>A good and healthy work environment is a high priority. Our company complies with both laws and agreements and we strive to exceed them. We promote good health and good safety among our employees! This work is carried out through close internal cooperation, clear and functioning routines and, above all, committed and competent employees!<\/span><\/p>\n<p>[\/et_pb_text][\/et_pb_column][\/et_pb_row][et_pb_row use_custom_gutter=&#8221;on&#8221; custom_padding_last_edited=&#8221;on|phone&#8221; _builder_version=&#8221;4.27.4&#8243; _module_preset=&#8221;default&#8221; max_width=&#8221;1400px&#8221; custom_padding=&#8221;30px||30px|||&#8221; custom_padding_tablet=&#8221;||60px||false|false&#8221; custom_padding_phone=&#8221;||35px||false|false&#8221; locked=&#8221;off&#8221; global_colors_info=&#8221;{}&#8221;][et_pb_column type=&#8221;4_4&#8243; _builder_version=&#8221;4.27.4&#8243; _module_preset=&#8221;default&#8221; global_colors_info=&#8221;{}&#8221;][et_pb_text _builder_version=&#8221;4.27.4&#8243; _module_preset=&#8221;default&#8221; text_font=&#8221;Inter||||||||&#8221; text_text_color=&#8221;#000000&#8243; text_line_height=&#8221;1.4em&#8221; header_text_color=&#8221;#000000&#8243; header_2_text_align=&#8221;center&#8221; header_2_text_color=&#8221;#000000&#8243; header_3_font=&#8221;|||on|||||&#8221; module_alignment=&#8221;center&#8221; custom_margin=&#8221;1px||26px|||&#8221; global_colors_info=&#8221;{}&#8221; header_2_2_font_size_phone=&#8221;32px&#8221; header_3_2_font_size_phone=&#8221;32px&#8221; header_4_2_font_size_phone=&#8221;32px&#8221; header_5_2_font_size_phone=&#8221;32px&#8221; header_6_2_font_size_phone=&#8221;32px&#8221; header_2_2_font_size_last_edited=&#8221;on|phone&#8221; header_3_2_font_size_last_edited=&#8221;on|phone&#8221; header_4_2_font_size_last_edited=&#8221;on|phone&#8221; header_5_2_font_size_last_edited=&#8221;on|phone&#8221; header_6_2_font_size_last_edited=&#8221;on|phone&#8221;]<\/p>\n<h2 style=\"text-align: left;\">Quality and environmental certifications<\/h2>\n<p>PLS Truck Bodies AB works and meets standards according to ISO 9001 and ISO 14001<\/p>\n<p>&nbsp;<\/p>\n<p>[\/et_pb_text][et_pb_button button_url=&#8221;\/wp-content\/uploads\/sites\/2\/2026\/02\/ISO_Certifikat_PLS_Truck_Bodies_AB_sv_2025-06-23.pdf&#8221; button_text=&#8221;H\u00e4r kan du ta del av v\u00e5rt ISO-certifikat&#8221; button_alignment=&#8221;left&#8221; button_alignment_tablet=&#8221;&#8221; button_alignment_phone=&#8221;center&#8221; button_alignment_last_edited=&#8221;on|tablet&#8221; _builder_version=&#8221;4.27.4&#8243; _module_preset=&#8221;2b66cf09-4328-4c81-86a8-3377111ec631&#8243; custom_margin=&#8221;||26px||false|false&#8221; custom_margin_tablet=&#8221;||62px|11.2%|false|false&#8221; custom_margin_phone=&#8221;||62px|15px|false|false&#8221; custom_margin_last_edited=&#8221;on|phone&#8221; locked=&#8221;off&#8221; global_colors_info=&#8221;{}&#8221;][\/et_pb_button][\/et_pb_column][\/et_pb_row][et_pb_row use_custom_gutter=&#8221;on&#8221; custom_padding_last_edited=&#8221;on|phone&#8221; _builder_version=&#8221;4.27.4&#8243; _module_preset=&#8221;default&#8221; max_width=&#8221;1400px&#8221; custom_padding=&#8221;30px||30px||false|false&#8221; custom_padding_tablet=&#8221;||94px|||&#8221; custom_padding_phone=&#8221;||35px||false|false&#8221; locked=&#8221;off&#8221; global_colors_info=&#8221;{}&#8221;][et_pb_column type=&#8221;4_4&#8243; _builder_version=&#8221;4.27.4&#8243; _module_preset=&#8221;default&#8221; global_colors_info=&#8221;{}&#8221;][et_pb_text _builder_version=&#8221;4.27.4&#8243; _module_preset=&#8221;default&#8221; text_font=&#8221;Inter||||||||&#8221; text_text_color=&#8221;#000000&#8243; text_line_height=&#8221;1.4em&#8221; header_text_color=&#8221;#000000&#8243; header_2_text_align=&#8221;center&#8221; header_2_text_color=&#8221;#000000&#8243; header_3_font=&#8221;|||on|||||&#8221; module_alignment=&#8221;center&#8221; custom_margin=&#8221;1px||26px|||&#8221; locked=&#8221;off&#8221; global_colors_info=&#8221;{}&#8221; header_2_2_font_size_phone=&#8221;32px&#8221; header_3_2_font_size_phone=&#8221;32px&#8221; header_4_2_font_size_phone=&#8221;32px&#8221; header_5_2_font_size_phone=&#8221;32px&#8221; header_6_2_font_size_phone=&#8221;32px&#8221; header_2_2_font_size_last_edited=&#8221;on|phone&#8221; header_3_2_font_size_last_edited=&#8221;on|phone&#8221; header_4_2_font_size_last_edited=&#8221;on|phone&#8221; header_5_2_font_size_last_edited=&#8221;on|phone&#8221; header_6_2_font_size_last_edited=&#8221;on|phone&#8221;]<\/p>\n<h2 style=\"text-align: left;\">Our sustainability work<\/h2>\n<p><span>Both Inducore as a group and PLS as an individual company work to make a difference and drive sustainable development forward. We operate based on a number of focus areas from the internationally largest and most comprehensive agreement on global goals for sustainable development, Agenda 2030. <\/span><span>Our work is measured and managed systematically and with care<\/span><\/p>\n<p>[\/et_pb_text][et_pb_button button_url=&#8221;\/wp-content\/uploads\/sites\/2\/2025\/06\/inducore-halbarhetsrapport-2024-21.pdf&#8221; button_text=&#8221;H\u00e4r kan du ta del av v\u00e5r h\u00e5llbarhetsrapport&#8221; button_alignment=&#8221;left&#8221; button_alignment_tablet=&#8221;left&#8221; button_alignment_phone=&#8221;center&#8221; button_alignment_last_edited=&#8221;on|phone&#8221; _builder_version=&#8221;4.27.4&#8243; _module_preset=&#8221;2b66cf09-4328-4c81-86a8-3377111ec631&#8243; custom_margin_tablet=&#8221;||62px|11.2%|false|false&#8221; custom_margin_phone=&#8221;|||15px|false|false&#8221; custom_margin_last_edited=&#8221;on|phone&#8221; custom_padding_tablet=&#8221;||||false|false&#8221; locked=&#8221;off&#8221; global_colors_info=&#8221;{}&#8221;][\/et_pb_button][\/et_pb_column][\/et_pb_row][\/et_pb_section]<\/p>","protected":false},"excerpt":{"rendered":"<p>Vi arbetar f\u00f6r framtiden och kommande generationer.V\u00e5rt m\u00e5l \u00e4r att driva en medveten verksamhet som \u00e4r sund och h\u00e5llbar samtidigt som den \u00e4r l\u00e4rande och under st\u00e4ndig f\u00f6rb\u00e4ttring. Detta g\u00f6r vi genom att verka p\u00e5 olika plan och inkludera s\u00e5 v\u00e4l milj\u00f6m\u00e4ssiga-, sociala- som ekonomiska aspekter vid v\u00e4gval. Vi arbetar aktivt f\u00f6r att minska v\u00e5rt [&hellip;]<\/p>","protected":false},"author":5,"featured_media":0,"parent":0,"menu_order":0,"comment_status":"closed","ping_status":"closed","template":"","meta":{"_et_pb_use_builder":"on","_et_pb_old_content":"","_et_gb_content_width":"","footnotes":""},"difl_page_category":[],"class_list":["post-282597","page","type-page","status-publish","hentry"],"yoast_head":"<!-- This site is optimized with the Yoast SEO plugin v26.3 - https:\/\/yoast.com\/wordpress\/plugins\/seo\/ -->\n<title>Kvalitet och milj\u00f6 - s\u00e5 ser v\u00e5rt h\u00e5llbarhetsarbete ut<\/title>\n<meta name=\"description\" content=\"H\u00e5llbarhetsarbetet \u00e4r en central del i v\u00e5r aff\u00e4rsstrategi. Vi ska vara en f\u00f6rebild inom h\u00e5llbarhet i branschen. L\u00e4s mer om hur vi n\u00e5r dit.\" \/>\n<meta name=\"robots\" content=\"noindex, follow, max-snippet:-1, max-image-preview:large, max-video-preview:-1\" \/>\n<meta property=\"og:locale\" content=\"en_GB\" \/>\n<meta property=\"og:type\" content=\"article\" \/>\n<meta property=\"og:title\" content=\"Kvalitet och milj\u00f6 - s\u00e5 ser v\u00e5rt h\u00e5llbarhetsarbete ut\" \/>\n<meta property=\"og:description\" content=\"H\u00e5llbarhetsarbetet \u00e4r en central del i v\u00e5r aff\u00e4rsstrategi. Vi ska vara en f\u00f6rebild inom h\u00e5llbarhet i branschen. L\u00e4s mer om hur vi n\u00e5r dit.\" \/>\n<meta property=\"og:url\" content=\"https:\/\/dev.pls.se\/en\/kvalitet-och-miljo\/\" \/>\n<meta property=\"og:site_name\" content=\"PLS\" \/>\n<meta property=\"article:modified_time\" content=\"2026-04-10T06:51:12+00:00\" \/>\n<meta name=\"twitter:card\" content=\"summary_large_image\" \/>\n<meta name=\"twitter:label1\" content=\"Estimated reading time\" \/>\n\t<meta name=\"twitter:data1\" content=\"2 minutes\" \/>\n<script type=\"application\/ld+json\" class=\"yoast-schema-graph\">{\"@context\":\"https:\/\/schema.org\",\"@graph\":[{\"@type\":\"WebPage\",\"@id\":\"https:\/\/dev.pls.se\/kvalitet-och-miljo\/\",\"url\":\"https:\/\/dev.pls.se\/kvalitet-och-miljo\/\",\"name\":\"Kvalitet och milj\u00f6 - s\u00e5 ser v\u00e5rt h\u00e5llbarhetsarbete ut\",\"isPartOf\":{\"@id\":\"https:\/\/dev.pls.se\/#website\"},\"datePublished\":\"2026-01-07T12:51:18+00:00\",\"dateModified\":\"2026-04-10T06:51:12+00:00\",\"description\":\"H\u00e5llbarhetsarbetet \u00e4r en central del i v\u00e5r aff\u00e4rsstrategi. Vi ska vara en f\u00f6rebild inom h\u00e5llbarhet i branschen. L\u00e4s mer om hur vi n\u00e5r dit.\",\"breadcrumb\":{\"@id\":\"https:\/\/dev.pls.se\/kvalitet-och-miljo\/#breadcrumb\"},\"inLanguage\":\"en-GB\",\"potentialAction\":[{\"@type\":\"ReadAction\",\"target\":[\"https:\/\/dev.pls.se\/kvalitet-och-miljo\/\"]}]},{\"@type\":\"BreadcrumbList\",\"@id\":\"https:\/\/dev.pls.se\/kvalitet-och-miljo\/#breadcrumb\",\"itemListElement\":[{\"@type\":\"ListItem\",\"position\":1,\"name\":\"Hem\",\"item\":\"https:\/\/dev.pls.se\/\"},{\"@type\":\"ListItem\",\"position\":2,\"name\":\"Kvalitet och milj\u00f6\"}]},{\"@type\":\"WebSite\",\"@id\":\"https:\/\/dev.pls.se\/#website\",\"url\":\"https:\/\/dev.pls.se\/\",\"name\":\"PLS\",\"description\":\"Lastbilsp\u00e5byggnader f\u00f6r effektiva transporter\",\"publisher\":{\"@id\":\"https:\/\/dev.pls.se\/#organization\"},\"potentialAction\":[{\"@type\":\"SearchAction\",\"target\":{\"@type\":\"EntryPoint\",\"urlTemplate\":\"https:\/\/dev.pls.se\/?s={search_term_string}\"},\"query-input\":{\"@type\":\"PropertyValueSpecification\",\"valueRequired\":true,\"valueName\":\"search_term_string\"}}],\"inLanguage\":\"en-GB\"},{\"@type\":\"Organization\",\"@id\":\"https:\/\/dev.pls.se\/#organization\",\"name\":\"PLS\",\"url\":\"https:\/\/dev.pls.se\/\",\"logo\":{\"@type\":\"ImageObject\",\"inLanguage\":\"en-GB\",\"@id\":\"https:\/\/dev.pls.se\/#\/schema\/logo\/image\/\",\"url\":\"https:\/\/dev.pls.se\/wp-content\/uploads\/sites\/2\/2025\/06\/pls.jpg\",\"contentUrl\":\"https:\/\/dev.pls.se\/wp-content\/uploads\/sites\/2\/2025\/06\/pls.jpg\",\"width\":1400,\"height\":778,\"caption\":\"PLS\"},\"image\":{\"@id\":\"https:\/\/dev.pls.se\/#\/schema\/logo\/image\/\"}}]}<\/script>\n<!-- \/ Yoast SEO plugin. -->","yoast_head_json":{"title":"Kvalitet och milj\u00f6 - s\u00e5 ser v\u00e5rt h\u00e5llbarhetsarbete ut","description":"Sustainability is a central part of our business strategy. We aim to be a role model in sustainability in the industry. Read more about how we get there.","robots":{"index":"noindex","follow":"follow","max-snippet":"max-snippet:-1","max-image-preview":"max-image-preview:large","max-video-preview":"max-video-preview:-1"},"og_locale":"en_GB","og_type":"article","og_title":"Kvalitet och milj\u00f6 - s\u00e5 ser v\u00e5rt h\u00e5llbarhetsarbete ut","og_description":"H\u00e5llbarhetsarbetet \u00e4r en central del i v\u00e5r aff\u00e4rsstrategi. Vi ska vara en f\u00f6rebild inom h\u00e5llbarhet i branschen. L\u00e4s mer om hur vi n\u00e5r dit.","og_url":"https:\/\/dev.pls.se\/en\/kvalitet-och-miljo\/","og_site_name":"PLS","article_modified_time":"2026-04-10T06:51:12+00:00","twitter_card":"summary_large_image","twitter_misc":{"Estimated reading time":"2 minutes"},"schema":{"@context":"https:\/\/schema.org","@graph":[{"@type":"WebPage","@id":"https:\/\/dev.pls.se\/kvalitet-och-miljo\/","url":"https:\/\/dev.pls.se\/kvalitet-och-miljo\/","name":"Kvalitet och milj\u00f6 - s\u00e5 ser v\u00e5rt h\u00e5llbarhetsarbete ut","isPartOf":{"@id":"https:\/\/dev.pls.se\/#website"},"datePublished":"2026-01-07T12:51:18+00:00","dateModified":"2026-04-10T06:51:12+00:00","description":"Sustainability is a central part of our business strategy. We aim to be a role model in sustainability in the industry. Read more about how we get there.","breadcrumb":{"@id":"https:\/\/dev.pls.se\/kvalitet-och-miljo\/#breadcrumb"},"inLanguage":"en-GB","potentialAction":[{"@type":"ReadAction","target":["https:\/\/dev.pls.se\/kvalitet-och-miljo\/"]}]},{"@type":"BreadcrumbList","@id":"https:\/\/dev.pls.se\/kvalitet-och-miljo\/#breadcrumb","itemListElement":[{"@type":"ListItem","position":1,"name":"Hem","item":"https:\/\/dev.pls.se\/"},{"@type":"ListItem","position":2,"name":"Kvalitet och milj\u00f6"}]},{"@type":"WebSite","@id":"https:\/\/dev.pls.se\/#website","url":"https:\/\/dev.pls.se\/","name":"PLS","description":"Truck bodies for efficient transport","publisher":{"@id":"https:\/\/dev.pls.se\/#organization"},"potentialAction":[{"@type":"SearchAction","target":{"@type":"EntryPoint","urlTemplate":"https:\/\/dev.pls.se\/?s={search_term_string}"},"query-input":{"@type":"PropertyValueSpecification","valueRequired":true,"valueName":"search_term_string"}}],"inLanguage":"en-GB"},{"@type":"Organization","@id":"https:\/\/dev.pls.se\/#organization","name":"PLS","url":"https:\/\/dev.pls.se\/","logo":{"@type":"ImageObject","inLanguage":"en-GB","@id":"https:\/\/dev.pls.se\/#\/schema\/logo\/image\/","url":"https:\/\/dev.pls.se\/wp-content\/uploads\/sites\/2\/2025\/06\/pls.jpg","contentUrl":"https:\/\/dev.pls.se\/wp-content\/uploads\/sites\/2\/2025\/06\/pls.jpg","width":1400,"height":778,"caption":"PLS"},"image":{"@id":"https:\/\/dev.pls.se\/#\/schema\/logo\/image\/"}}]}},"_links":{"self":[{"href":"https:\/\/dev.pls.se\/en\/wp-json\/wp\/v2\/pages\/282597","targetHints":{"allow":["GET"]}}],"collection":[{"href":"https:\/\/dev.pls.se\/en\/wp-json\/wp\/v2\/pages"}],"about":[{"href":"https:\/\/dev.pls.se\/en\/wp-json\/wp\/v2\/types\/page"}],"author":[{"embeddable":true,"href":"https:\/\/dev.pls.se\/en\/wp-json\/wp\/v2\/users\/5"}],"replies":[{"embeddable":true,"href":"https:\/\/dev.pls.se\/en\/wp-json\/wp\/v2\/comments?post=282597"}],"version-history":[{"count":0,"href":"https:\/\/dev.pls.se\/en\/wp-json\/wp\/v2\/pages\/282597\/revisions"}],"wp:attachment":[{"href":"https:\/\/dev.pls.se\/en\/wp-json\/wp\/v2\/media?parent=282597"}],"wp:term":[{"taxonomy":"difl_page_category","embeddable":true,"href":"https:\/\/dev.pls.se\/en\/wp-json\/wp\/v2\/difl_page_category?post=282597"}],"curies":[{"name":"wp","href":"https:\/\/api.w.org\/{rel}","templated":true}]}}