{"id":282453,"date":"2025-12-18T14:19:18","date_gmt":"2025-12-18T13:19:18","guid":{"rendered":"https:\/\/dev.pls.se\/?post_type=product&#038;p=282453"},"modified":"2026-04-08T15:39:58","modified_gmt":"2026-04-08T13:39:58","slug":"skap-med-oppningsbara-sidor-slapvagnar","status":"publish","type":"product","link":"https:\/\/dev.pls.se\/en\/produkter\/efterfordon\/skap-med-oppningsbara-sidor-slapvagnar\/","title":{"rendered":"Cabinets with opening sides \u2013 trailers"},"content":{"rendered":"<p>Our in-house developed trailer is manufactured to meet our high quality requirements with its high stability and durability. With a focus on customization, we can help you find the right solution for the right assignment. This way, your work becomes more efficient and your profitability higher.<\/p>\n<p>&nbsp;<\/p>","protected":false},"excerpt":{"rendered":"<p>En variant p\u00e5 v\u00e5r egenutvecklade sl\u00e4pvagn <\/p>","protected":false},"author":5,"featured_media":282999,"template":"","meta":{"_et_pb_use_builder":"","_et_pb_old_content":"","_et_gb_content_width":"","footnotes":""},"product-category":[27],"class_list":["post-282453","product","type-product","status-publish","has-post-thumbnail","hentry","product-category-efterfordon"],"yoast_head":"<!-- This site is optimized with the Yoast SEO plugin v26.3 - https:\/\/yoast.com\/wordpress\/plugins\/seo\/ -->\n<title>Sk\u00e5p med \u00f6ppningsbara sidor \u2013 sl\u00e4pvagnar - PLS<\/title>\n<meta name=\"robots\" content=\"noindex, follow, max-snippet:-1, max-image-preview:large, max-video-preview:-1\" \/>\n<meta property=\"og:locale\" content=\"en_GB\" \/>\n<meta property=\"og:type\" content=\"article\" \/>\n<meta property=\"og:title\" content=\"Sk\u00e5p med \u00f6ppningsbara sidor \u2013 sl\u00e4pvagnar - PLS\" \/>\n<meta property=\"og:description\" content=\"En variant p\u00e5 v\u00e5r egenutvecklade sl\u00e4pvagn\" \/>\n<meta property=\"og:url\" content=\"https:\/\/dev.pls.se\/en\/produkter\/efterfordon\/skap-med-oppningsbara-sidor-slapvagnar\/\" \/>\n<meta property=\"og:site_name\" content=\"PLS\" \/>\n<meta property=\"article:modified_time\" content=\"2026-04-08T13:39:58+00:00\" \/>\n<meta property=\"og:image\" content=\"https:\/\/dev.pls.se\/wp-content\/uploads\/sites\/2\/2025\/12\/skap-oppningsbara-sidor-fritt-slap.webp\" \/>\n\t<meta property=\"og:image:width\" content=\"1920\" \/>\n\t<meta property=\"og:image:height\" content=\"1080\" \/>\n\t<meta property=\"og:image:type\" content=\"image\/webp\" \/>\n<meta name=\"twitter:card\" content=\"summary_large_image\" \/>\n<meta name=\"twitter:label1\" content=\"Estimated reading time\" \/>\n\t<meta name=\"twitter:data1\" content=\"1 minute\" \/>\n<script type=\"application\/ld+json\" class=\"yoast-schema-graph\">{\"@context\":\"https:\/\/schema.org\",\"@graph\":[{\"@type\":\"WebPage\",\"@id\":\"https:\/\/dev.pls.se\/produkter\/efterfordon\/skap-med-oppningsbara-sidor-slapvagnar\/\",\"url\":\"https:\/\/dev.pls.se\/produkter\/efterfordon\/skap-med-oppningsbara-sidor-slapvagnar\/\",\"name\":\"Sk\u00e5p med \u00f6ppningsbara sidor \u2013 sl\u00e4pvagnar - PLS\",\"isPartOf\":{\"@id\":\"https:\/\/dev.pls.se\/#website\"},\"primaryImageOfPage\":{\"@id\":\"https:\/\/dev.pls.se\/produkter\/efterfordon\/skap-med-oppningsbara-sidor-slapvagnar\/#primaryimage\"},\"image\":{\"@id\":\"https:\/\/dev.pls.se\/produkter\/efterfordon\/skap-med-oppningsbara-sidor-slapvagnar\/#primaryimage\"},\"thumbnailUrl\":\"https:\/\/dev.pls.se\/wp-content\/uploads\/sites\/2\/2025\/12\/skap-oppningsbara-sidor-fritt-slap.webp\",\"datePublished\":\"2025-12-18T13:19:18+00:00\",\"dateModified\":\"2026-04-08T13:39:58+00:00\",\"breadcrumb\":{\"@id\":\"https:\/\/dev.pls.se\/produkter\/efterfordon\/skap-med-oppningsbara-sidor-slapvagnar\/#breadcrumb\"},\"inLanguage\":\"en-GB\",\"potentialAction\":[{\"@type\":\"ReadAction\",\"target\":[\"https:\/\/dev.pls.se\/produkter\/efterfordon\/skap-med-oppningsbara-sidor-slapvagnar\/\"]}]},{\"@type\":\"ImageObject\",\"inLanguage\":\"en-GB\",\"@id\":\"https:\/\/dev.pls.se\/produkter\/efterfordon\/skap-med-oppningsbara-sidor-slapvagnar\/#primaryimage\",\"url\":\"https:\/\/dev.pls.se\/wp-content\/uploads\/sites\/2\/2025\/12\/skap-oppningsbara-sidor-fritt-slap.webp\",\"contentUrl\":\"https:\/\/dev.pls.se\/wp-content\/uploads\/sites\/2\/2025\/12\/skap-oppningsbara-sidor-fritt-slap.webp\",\"width\":1920,\"height\":1080},{\"@type\":\"BreadcrumbList\",\"@id\":\"https:\/\/dev.pls.se\/produkter\/efterfordon\/skap-med-oppningsbara-sidor-slapvagnar\/#breadcrumb\",\"itemListElement\":[{\"@type\":\"ListItem\",\"position\":1,\"name\":\"Hem\",\"item\":\"https:\/\/dev.pls.se\/\"},{\"@type\":\"ListItem\",\"position\":2,\"name\":\"Sk\u00e5p med \u00f6ppningsbara sidor \u2013 sl\u00e4pvagnar\"}]},{\"@type\":\"WebSite\",\"@id\":\"https:\/\/dev.pls.se\/#website\",\"url\":\"https:\/\/dev.pls.se\/\",\"name\":\"PLS\",\"description\":\"Lastbilsp\u00e5byggnader f\u00f6r effektiva transporter\",\"publisher\":{\"@id\":\"https:\/\/dev.pls.se\/#organization\"},\"potentialAction\":[{\"@type\":\"SearchAction\",\"target\":{\"@type\":\"EntryPoint\",\"urlTemplate\":\"https:\/\/dev.pls.se\/?s={search_term_string}\"},\"query-input\":{\"@type\":\"PropertyValueSpecification\",\"valueRequired\":true,\"valueName\":\"search_term_string\"}}],\"inLanguage\":\"en-GB\"},{\"@type\":\"Organization\",\"@id\":\"https:\/\/dev.pls.se\/#organization\",\"name\":\"PLS\",\"url\":\"https:\/\/dev.pls.se\/\",\"logo\":{\"@type\":\"ImageObject\",\"inLanguage\":\"en-GB\",\"@id\":\"https:\/\/dev.pls.se\/#\/schema\/logo\/image\/\",\"url\":\"https:\/\/dev.pls.se\/wp-content\/uploads\/sites\/2\/2025\/06\/pls.jpg\",\"contentUrl\":\"https:\/\/dev.pls.se\/wp-content\/uploads\/sites\/2\/2025\/06\/pls.jpg\",\"width\":1400,\"height\":778,\"caption\":\"PLS\"},\"image\":{\"@id\":\"https:\/\/dev.pls.se\/#\/schema\/logo\/image\/\"}}]}<\/script>\n<!-- \/ Yoast SEO plugin. -->","yoast_head_json":{"title":"Sk\u00e5p med \u00f6ppningsbara sidor \u2013 sl\u00e4pvagnar - PLS","robots":{"index":"noindex","follow":"follow","max-snippet":"max-snippet:-1","max-image-preview":"max-image-preview:large","max-video-preview":"max-video-preview:-1"},"og_locale":"en_GB","og_type":"article","og_title":"Sk\u00e5p med \u00f6ppningsbara sidor \u2013 sl\u00e4pvagnar - PLS","og_description":"En variant p\u00e5 v\u00e5r egenutvecklade sl\u00e4pvagn","og_url":"https:\/\/dev.pls.se\/en\/produkter\/efterfordon\/skap-med-oppningsbara-sidor-slapvagnar\/","og_site_name":"PLS","article_modified_time":"2026-04-08T13:39:58+00:00","og_image":[{"width":1920,"height":1080,"url":"https:\/\/dev.pls.se\/wp-content\/uploads\/sites\/2\/2025\/12\/skap-oppningsbara-sidor-fritt-slap.webp","type":"image\/webp"}],"twitter_card":"summary_large_image","twitter_misc":{"Estimated reading time":"1 minute"},"schema":{"@context":"https:\/\/schema.org","@graph":[{"@type":"WebPage","@id":"https:\/\/dev.pls.se\/produkter\/efterfordon\/skap-med-oppningsbara-sidor-slapvagnar\/","url":"https:\/\/dev.pls.se\/produkter\/efterfordon\/skap-med-oppningsbara-sidor-slapvagnar\/","name":"Sk\u00e5p med \u00f6ppningsbara sidor \u2013 sl\u00e4pvagnar - PLS","isPartOf":{"@id":"https:\/\/dev.pls.se\/#website"},"primaryImageOfPage":{"@id":"https:\/\/dev.pls.se\/produkter\/efterfordon\/skap-med-oppningsbara-sidor-slapvagnar\/#primaryimage"},"image":{"@id":"https:\/\/dev.pls.se\/produkter\/efterfordon\/skap-med-oppningsbara-sidor-slapvagnar\/#primaryimage"},"thumbnailUrl":"https:\/\/dev.pls.se\/wp-content\/uploads\/sites\/2\/2025\/12\/skap-oppningsbara-sidor-fritt-slap.webp","datePublished":"2025-12-18T13:19:18+00:00","dateModified":"2026-04-08T13:39:58+00:00","breadcrumb":{"@id":"https:\/\/dev.pls.se\/produkter\/efterfordon\/skap-med-oppningsbara-sidor-slapvagnar\/#breadcrumb"},"inLanguage":"en-GB","potentialAction":[{"@type":"ReadAction","target":["https:\/\/dev.pls.se\/produkter\/efterfordon\/skap-med-oppningsbara-sidor-slapvagnar\/"]}]},{"@type":"ImageObject","inLanguage":"en-GB","@id":"https:\/\/dev.pls.se\/produkter\/efterfordon\/skap-med-oppningsbara-sidor-slapvagnar\/#primaryimage","url":"https:\/\/dev.pls.se\/wp-content\/uploads\/sites\/2\/2025\/12\/skap-oppningsbara-sidor-fritt-slap.webp","contentUrl":"https:\/\/dev.pls.se\/wp-content\/uploads\/sites\/2\/2025\/12\/skap-oppningsbara-sidor-fritt-slap.webp","width":1920,"height":1080},{"@type":"BreadcrumbList","@id":"https:\/\/dev.pls.se\/produkter\/efterfordon\/skap-med-oppningsbara-sidor-slapvagnar\/#breadcrumb","itemListElement":[{"@type":"ListItem","position":1,"name":"Hem","item":"https:\/\/dev.pls.se\/"},{"@type":"ListItem","position":2,"name":"Sk\u00e5p med \u00f6ppningsbara sidor \u2013 sl\u00e4pvagnar"}]},{"@type":"WebSite","@id":"https:\/\/dev.pls.se\/#website","url":"https:\/\/dev.pls.se\/","name":"PLS","description":"Truck bodies for efficient transport","publisher":{"@id":"https:\/\/dev.pls.se\/#organization"},"potentialAction":[{"@type":"SearchAction","target":{"@type":"EntryPoint","urlTemplate":"https:\/\/dev.pls.se\/?s={search_term_string}"},"query-input":{"@type":"PropertyValueSpecification","valueRequired":true,"valueName":"search_term_string"}}],"inLanguage":"en-GB"},{"@type":"Organization","@id":"https:\/\/dev.pls.se\/#organization","name":"PLS","url":"https:\/\/dev.pls.se\/","logo":{"@type":"ImageObject","inLanguage":"en-GB","@id":"https:\/\/dev.pls.se\/#\/schema\/logo\/image\/","url":"https:\/\/dev.pls.se\/wp-content\/uploads\/sites\/2\/2025\/06\/pls.jpg","contentUrl":"https:\/\/dev.pls.se\/wp-content\/uploads\/sites\/2\/2025\/06\/pls.jpg","width":1400,"height":778,"caption":"PLS"},"image":{"@id":"https:\/\/dev.pls.se\/#\/schema\/logo\/image\/"}}]}},"_links":{"self":[{"href":"https:\/\/dev.pls.se\/en\/wp-json\/wp\/v2\/product\/282453","targetHints":{"allow":["GET"]}}],"collection":[{"href":"https:\/\/dev.pls.se\/en\/wp-json\/wp\/v2\/product"}],"about":[{"href":"https:\/\/dev.pls.se\/en\/wp-json\/wp\/v2\/types\/product"}],"author":[{"embeddable":true,"href":"https:\/\/dev.pls.se\/en\/wp-json\/wp\/v2\/users\/5"}],"version-history":[{"count":0,"href":"https:\/\/dev.pls.se\/en\/wp-json\/wp\/v2\/product\/282453\/revisions"}],"wp:featuredmedia":[{"embeddable":true,"href":"https:\/\/dev.pls.se\/en\/wp-json\/wp\/v2\/media\/282999"}],"wp:attachment":[{"href":"https:\/\/dev.pls.se\/en\/wp-json\/wp\/v2\/media?parent=282453"}],"wp:term":[{"taxonomy":"product-category","embeddable":true,"href":"https:\/\/dev.pls.se\/en\/wp-json\/wp\/v2\/product-category?post=282453"}],"curies":[{"name":"wp","href":"https:\/\/api.w.org\/{rel}","templated":true}]}}