{"id":284225,"date":"2026-04-09T13:21:14","date_gmt":"2026-04-09T11:21:14","guid":{"rendered":"https:\/\/dev.pls.se\/?post_type=product&#038;p=284225"},"modified":"2026-04-16T18:38:43","modified_gmt":"2026-04-16T16:38:43","slug":"skap-med-oppningsbara-sidor-trailers","status":"publish","type":"product","link":"https:\/\/dev.pls.se\/en\/produkter\/efterfordon\/skap-med-oppningsbara-sidor-trailers\/","title":{"rendered":"Cabinets with opening sides \u2013 trailers"},"content":{"rendered":"<p>V\u00e5r egenutvecklade trailer \u00e4r med sin h\u00f6ga stabilitet och slitstyrka tillverkad f\u00f6r att klara v\u00e5ra krav p\u00e5 kvalitet. Med focus p\u00e5 kundanpassat kan vi hj\u00e4lpa dig hitta r\u00e4tt l\u00f6sning f\u00f6r r\u00e4tt uppdrag. P\u00e5 s\u00e5 s\u00e4tt blir ditt arbete mer effektivt, och l\u00f6nsamheten h\u00f6gre. Vi kundanpassar efter dina \u00f6nskem\u00e5l. Citytrailer med bakgavellyft finns ocks\u00e5 i v\u00e5rt utbud.<\/p>","protected":false},"excerpt":{"rendered":"<p>V\u00e5r egenutvecklade trailer \u00e4r med sin h\u00f6ga stabilitet och slitstyrka tillverkad f\u00f6r att klara v\u00e5ra krav p\u00e5 kvalitet. Med focus p\u00e5 kundanpassat kan vi hj\u00e4lpa dig hitta r\u00e4tt l\u00f6sning f\u00f6r r\u00e4tt uppdrag. P\u00e5 s\u00e5 s\u00e4tt blir ditt arbete mer effektivt, och l\u00f6nsamheten h\u00f6gre. Vi kundanpassar efter dina \u00f6nskem\u00e5l. Citytrailer med bakgavellyft finns ocks\u00e5 i v\u00e5rt [&hellip;]<\/p>","protected":false},"author":5,"featured_media":282998,"template":"","meta":{"_et_pb_use_builder":"","_et_pb_old_content":"","_et_gb_content_width":"","footnotes":""},"product-category":[27],"class_list":["post-284225","product","type-product","status-publish","has-post-thumbnail","hentry","product-category-efterfordon"],"yoast_head":"<!-- This site is optimized with the Yoast SEO plugin v26.3 - https:\/\/yoast.com\/wordpress\/plugins\/seo\/ -->\n<title>Sk\u00e5p med \u00f6ppningsbara sidor - trailers - PLS<\/title>\n<meta name=\"robots\" content=\"noindex, follow, max-snippet:-1, max-image-preview:large, max-video-preview:-1\" \/>\n<meta property=\"og:locale\" content=\"en_GB\" \/>\n<meta property=\"og:type\" content=\"article\" \/>\n<meta property=\"og:title\" content=\"Sk\u00e5p med \u00f6ppningsbara sidor - trailers - PLS\" \/>\n<meta property=\"og:description\" content=\"V\u00e5r egenutvecklade trailer \u00e4r med sin h\u00f6ga stabilitet och slitstyrka tillverkad f\u00f6r att klara v\u00e5ra krav p\u00e5 kvalitet. Med focus p\u00e5 kundanpassat kan vi hj\u00e4lpa dig hitta r\u00e4tt l\u00f6sning f\u00f6r r\u00e4tt uppdrag. P\u00e5 s\u00e5 s\u00e4tt blir ditt arbete mer effektivt, och l\u00f6nsamheten h\u00f6gre. Vi kundanpassar efter dina \u00f6nskem\u00e5l. Citytrailer med bakgavellyft finns ocks\u00e5 i v\u00e5rt [&hellip;]\" \/>\n<meta property=\"og:url\" content=\"https:\/\/dev.pls.se\/en\/produkter\/efterfordon\/skap-med-oppningsbara-sidor-trailers\/\" \/>\n<meta property=\"og:site_name\" content=\"PLS\" \/>\n<meta property=\"article:modified_time\" content=\"2026-04-16T16:38:43+00:00\" \/>\n<meta property=\"og:image\" content=\"https:\/\/dev.pls.se\/wp-content\/uploads\/sites\/2\/2025\/12\/Produkt_0004-skap-oppningsbara-sidor-trailers.webp\" \/>\n\t<meta property=\"og:image:width\" content=\"1200\" \/>\n\t<meta property=\"og:image:height\" content=\"672\" \/>\n\t<meta property=\"og:image:type\" content=\"image\/webp\" \/>\n<meta name=\"twitter:card\" content=\"summary_large_image\" \/>\n<meta name=\"twitter:label1\" content=\"Estimated reading time\" \/>\n\t<meta name=\"twitter:data1\" content=\"1 minute\" \/>\n<script type=\"application\/ld+json\" class=\"yoast-schema-graph\">{\"@context\":\"https:\/\/schema.org\",\"@graph\":[{\"@type\":\"WebPage\",\"@id\":\"https:\/\/dev.pls.se\/produkter\/efterfordon\/skap-med-oppningsbara-sidor-trailers\/\",\"url\":\"https:\/\/dev.pls.se\/produkter\/efterfordon\/skap-med-oppningsbara-sidor-trailers\/\",\"name\":\"Sk\u00e5p med \u00f6ppningsbara sidor - trailers - PLS\",\"isPartOf\":{\"@id\":\"https:\/\/dev.pls.se\/#website\"},\"primaryImageOfPage\":{\"@id\":\"https:\/\/dev.pls.se\/produkter\/efterfordon\/skap-med-oppningsbara-sidor-trailers\/#primaryimage\"},\"image\":{\"@id\":\"https:\/\/dev.pls.se\/produkter\/efterfordon\/skap-med-oppningsbara-sidor-trailers\/#primaryimage\"},\"thumbnailUrl\":\"https:\/\/dev.pls.se\/wp-content\/uploads\/sites\/2\/2025\/12\/Produkt_0004-skap-oppningsbara-sidor-trailers.webp\",\"datePublished\":\"2026-04-09T11:21:14+00:00\",\"dateModified\":\"2026-04-16T16:38:43+00:00\",\"breadcrumb\":{\"@id\":\"https:\/\/dev.pls.se\/produkter\/efterfordon\/skap-med-oppningsbara-sidor-trailers\/#breadcrumb\"},\"inLanguage\":\"en-GB\",\"potentialAction\":[{\"@type\":\"ReadAction\",\"target\":[\"https:\/\/dev.pls.se\/produkter\/efterfordon\/skap-med-oppningsbara-sidor-trailers\/\"]}]},{\"@type\":\"ImageObject\",\"inLanguage\":\"en-GB\",\"@id\":\"https:\/\/dev.pls.se\/produkter\/efterfordon\/skap-med-oppningsbara-sidor-trailers\/#primaryimage\",\"url\":\"https:\/\/dev.pls.se\/wp-content\/uploads\/sites\/2\/2025\/12\/Produkt_0004-skap-oppningsbara-sidor-trailers.webp\",\"contentUrl\":\"https:\/\/dev.pls.se\/wp-content\/uploads\/sites\/2\/2025\/12\/Produkt_0004-skap-oppningsbara-sidor-trailers.webp\",\"width\":1200,\"height\":672},{\"@type\":\"BreadcrumbList\",\"@id\":\"https:\/\/dev.pls.se\/produkter\/efterfordon\/skap-med-oppningsbara-sidor-trailers\/#breadcrumb\",\"itemListElement\":[{\"@type\":\"ListItem\",\"position\":1,\"name\":\"Hem\",\"item\":\"https:\/\/dev.pls.se\/\"},{\"@type\":\"ListItem\",\"position\":2,\"name\":\"Sk\u00e5p med \u00f6ppningsbara sidor &#8211; trailers\"}]},{\"@type\":\"WebSite\",\"@id\":\"https:\/\/dev.pls.se\/#website\",\"url\":\"https:\/\/dev.pls.se\/\",\"name\":\"PLS\",\"description\":\"Lastbilsp\u00e5byggnader f\u00f6r effektiva transporter\",\"publisher\":{\"@id\":\"https:\/\/dev.pls.se\/#organization\"},\"potentialAction\":[{\"@type\":\"SearchAction\",\"target\":{\"@type\":\"EntryPoint\",\"urlTemplate\":\"https:\/\/dev.pls.se\/?s={search_term_string}\"},\"query-input\":{\"@type\":\"PropertyValueSpecification\",\"valueRequired\":true,\"valueName\":\"search_term_string\"}}],\"inLanguage\":\"en-GB\"},{\"@type\":\"Organization\",\"@id\":\"https:\/\/dev.pls.se\/#organization\",\"name\":\"PLS\",\"url\":\"https:\/\/dev.pls.se\/\",\"logo\":{\"@type\":\"ImageObject\",\"inLanguage\":\"en-GB\",\"@id\":\"https:\/\/dev.pls.se\/#\/schema\/logo\/image\/\",\"url\":\"https:\/\/dev.pls.se\/wp-content\/uploads\/sites\/2\/2025\/06\/pls.jpg\",\"contentUrl\":\"https:\/\/dev.pls.se\/wp-content\/uploads\/sites\/2\/2025\/06\/pls.jpg\",\"width\":1400,\"height\":778,\"caption\":\"PLS\"},\"image\":{\"@id\":\"https:\/\/dev.pls.se\/#\/schema\/logo\/image\/\"}}]}<\/script>\n<!-- \/ Yoast SEO plugin. -->","yoast_head_json":{"title":"Sk\u00e5p med \u00f6ppningsbara sidor - trailers - PLS","robots":{"index":"noindex","follow":"follow","max-snippet":"max-snippet:-1","max-image-preview":"max-image-preview:large","max-video-preview":"max-video-preview:-1"},"og_locale":"en_GB","og_type":"article","og_title":"Sk\u00e5p med \u00f6ppningsbara sidor - trailers - PLS","og_description":"V\u00e5r egenutvecklade trailer \u00e4r med sin h\u00f6ga stabilitet och slitstyrka tillverkad f\u00f6r att klara v\u00e5ra krav p\u00e5 kvalitet. Med focus p\u00e5 kundanpassat kan vi hj\u00e4lpa dig hitta r\u00e4tt l\u00f6sning f\u00f6r r\u00e4tt uppdrag. P\u00e5 s\u00e5 s\u00e4tt blir ditt arbete mer effektivt, och l\u00f6nsamheten h\u00f6gre. Vi kundanpassar efter dina \u00f6nskem\u00e5l. Citytrailer med bakgavellyft finns ocks\u00e5 i v\u00e5rt [&hellip;]","og_url":"https:\/\/dev.pls.se\/en\/produkter\/efterfordon\/skap-med-oppningsbara-sidor-trailers\/","og_site_name":"PLS","article_modified_time":"2026-04-16T16:38:43+00:00","og_image":[{"width":1200,"height":672,"url":"https:\/\/dev.pls.se\/wp-content\/uploads\/sites\/2\/2025\/12\/Produkt_0004-skap-oppningsbara-sidor-trailers.webp","type":"image\/webp"}],"twitter_card":"summary_large_image","twitter_misc":{"Estimated reading time":"1 minute"},"schema":{"@context":"https:\/\/schema.org","@graph":[{"@type":"WebPage","@id":"https:\/\/dev.pls.se\/produkter\/efterfordon\/skap-med-oppningsbara-sidor-trailers\/","url":"https:\/\/dev.pls.se\/produkter\/efterfordon\/skap-med-oppningsbara-sidor-trailers\/","name":"Sk\u00e5p med \u00f6ppningsbara sidor - trailers - PLS","isPartOf":{"@id":"https:\/\/dev.pls.se\/#website"},"primaryImageOfPage":{"@id":"https:\/\/dev.pls.se\/produkter\/efterfordon\/skap-med-oppningsbara-sidor-trailers\/#primaryimage"},"image":{"@id":"https:\/\/dev.pls.se\/produkter\/efterfordon\/skap-med-oppningsbara-sidor-trailers\/#primaryimage"},"thumbnailUrl":"https:\/\/dev.pls.se\/wp-content\/uploads\/sites\/2\/2025\/12\/Produkt_0004-skap-oppningsbara-sidor-trailers.webp","datePublished":"2026-04-09T11:21:14+00:00","dateModified":"2026-04-16T16:38:43+00:00","breadcrumb":{"@id":"https:\/\/dev.pls.se\/produkter\/efterfordon\/skap-med-oppningsbara-sidor-trailers\/#breadcrumb"},"inLanguage":"en-GB","potentialAction":[{"@type":"ReadAction","target":["https:\/\/dev.pls.se\/produkter\/efterfordon\/skap-med-oppningsbara-sidor-trailers\/"]}]},{"@type":"ImageObject","inLanguage":"en-GB","@id":"https:\/\/dev.pls.se\/produkter\/efterfordon\/skap-med-oppningsbara-sidor-trailers\/#primaryimage","url":"https:\/\/dev.pls.se\/wp-content\/uploads\/sites\/2\/2025\/12\/Produkt_0004-skap-oppningsbara-sidor-trailers.webp","contentUrl":"https:\/\/dev.pls.se\/wp-content\/uploads\/sites\/2\/2025\/12\/Produkt_0004-skap-oppningsbara-sidor-trailers.webp","width":1200,"height":672},{"@type":"BreadcrumbList","@id":"https:\/\/dev.pls.se\/produkter\/efterfordon\/skap-med-oppningsbara-sidor-trailers\/#breadcrumb","itemListElement":[{"@type":"ListItem","position":1,"name":"Hem","item":"https:\/\/dev.pls.se\/"},{"@type":"ListItem","position":2,"name":"Sk\u00e5p med \u00f6ppningsbara sidor &#8211; trailers"}]},{"@type":"WebSite","@id":"https:\/\/dev.pls.se\/#website","url":"https:\/\/dev.pls.se\/","name":"PLS","description":"Truck bodies for efficient transport","publisher":{"@id":"https:\/\/dev.pls.se\/#organization"},"potentialAction":[{"@type":"SearchAction","target":{"@type":"EntryPoint","urlTemplate":"https:\/\/dev.pls.se\/?s={search_term_string}"},"query-input":{"@type":"PropertyValueSpecification","valueRequired":true,"valueName":"search_term_string"}}],"inLanguage":"en-GB"},{"@type":"Organization","@id":"https:\/\/dev.pls.se\/#organization","name":"PLS","url":"https:\/\/dev.pls.se\/","logo":{"@type":"ImageObject","inLanguage":"en-GB","@id":"https:\/\/dev.pls.se\/#\/schema\/logo\/image\/","url":"https:\/\/dev.pls.se\/wp-content\/uploads\/sites\/2\/2025\/06\/pls.jpg","contentUrl":"https:\/\/dev.pls.se\/wp-content\/uploads\/sites\/2\/2025\/06\/pls.jpg","width":1400,"height":778,"caption":"PLS"},"image":{"@id":"https:\/\/dev.pls.se\/#\/schema\/logo\/image\/"}}]}},"_links":{"self":[{"href":"https:\/\/dev.pls.se\/en\/wp-json\/wp\/v2\/product\/284225","targetHints":{"allow":["GET"]}}],"collection":[{"href":"https:\/\/dev.pls.se\/en\/wp-json\/wp\/v2\/product"}],"about":[{"href":"https:\/\/dev.pls.se\/en\/wp-json\/wp\/v2\/types\/product"}],"author":[{"embeddable":true,"href":"https:\/\/dev.pls.se\/en\/wp-json\/wp\/v2\/users\/5"}],"version-history":[{"count":0,"href":"https:\/\/dev.pls.se\/en\/wp-json\/wp\/v2\/product\/284225\/revisions"}],"wp:featuredmedia":[{"embeddable":true,"href":"https:\/\/dev.pls.se\/en\/wp-json\/wp\/v2\/media\/282998"}],"wp:attachment":[{"href":"https:\/\/dev.pls.se\/en\/wp-json\/wp\/v2\/media?parent=284225"}],"wp:term":[{"taxonomy":"product-category","embeddable":true,"href":"https:\/\/dev.pls.se\/en\/wp-json\/wp\/v2\/product-category?post=284225"}],"curies":[{"name":"wp","href":"https:\/\/api.w.org\/{rel}","templated":true}]}}